{"id":20169,"date":"2022-07-22T20:17:26","date_gmt":"2022-07-22T20:17:26","guid":{"rendered":"https:\/\/www.zafertanktasima.com\/?page_id=20169"},"modified":"2023-12-01T13:46:27","modified_gmt":"2023-12-01T13:46:27","slug":"kullanim-kosullari","status":"publish","type":"page","link":"https:\/\/www.zafertanktasima.com\/tr\/kullanim-kosullari\/","title":{"rendered":"Kullan\u0131m Ko\u015fullar\u0131"},"content":{"rendered":"<div data-elementor-type=\"wp-page\" data-elementor-id=\"20169\" class=\"elementor elementor-20169\" data-elementor-post-type=\"page\">\n\t\t\t\t\t\t<section data-parallax=\"scroll\" class=\"elementor-section elementor-top-section elementor-element elementor-element-2f7fe8ef elementor-section-height-min-height elementor-section-full_width elementor-section-stretched elementor-section-container-padding-remove elementor-section-height-default elementor-section-items-middle\" data-id=\"2f7fe8ef\" data-element_type=\"section\" id=\"about\" data-settings=\"{&quot;background_background&quot;:&quot;classic&quot;,&quot;stretch_section&quot;:&quot;section-stretched&quot;}\">\n\t\t\t\t\t\t<div class=\"elementor-container elementor-column-gap-default\">\n\t\t\t\t\t<div class=\"elementor-column elementor-col-100 elementor-top-column elementor-element elementor-element-6fc33c1c\" data-id=\"6fc33c1c\" data-element_type=\"column\">\n\t\t\t<div class=\"elementor-widget-wrap\">\n\t\t\t\t\t\t\t<\/div>\n\t\t<\/div>\n\t\t\t\t\t<\/div>\n\t\t<\/section>\n\t\t\t\t<section data-parallax=\"scroll\" class=\"elementor-section elementor-top-section elementor-element elementor-element-2c325de elementor-section-height-min-height elementor-section-stretched elementor-section-container-padding-remove elementor-section-boxed elementor-section-height-default elementor-section-items-middle\" data-id=\"2c325de\" data-element_type=\"section\" id=\"about\" data-settings=\"{&quot;background_background&quot;:&quot;classic&quot;,&quot;stretch_section&quot;:&quot;section-stretched&quot;}\">\n\t\t\t\t\t\t<div class=\"elementor-container elementor-column-gap-default\">\n\t\t\t\t\t<div class=\"elementor-column elementor-col-100 elementor-top-column elementor-element elementor-element-6a79d7e\" data-id=\"6a79d7e\" data-element_type=\"column\">\n\t\t\t<div class=\"elementor-widget-wrap elementor-element-populated\">\n\t\t\t\t\t\t<section class=\"elementor-section elementor-inner-section elementor-element elementor-element-6ae55e5 elementor-section-height-min-height elementor-section-content-top elementor-section-boxed elementor-section-height-default\" data-id=\"6ae55e5\" data-element_type=\"section\" data-settings=\"{&quot;background_background&quot;:&quot;classic&quot;}\">\n\t\t\t\t\t\t<div class=\"elementor-container elementor-column-gap-wider\">\n\t\t\t\t\t<div class=\"elementor-column elementor-col-50 elementor-inner-column elementor-element elementor-element-a57bf94\" data-id=\"a57bf94\" data-element_type=\"column\">\n\t\t\t<div class=\"elementor-widget-wrap\">\n\t\t\t\t\t\t\t<\/div>\n\t\t<\/div>\n\t\t\t\t<div class=\"elementor-column elementor-col-50 elementor-inner-column elementor-element elementor-element-5145453\" data-id=\"5145453\" data-element_type=\"column\">\n\t\t\t<div class=\"elementor-widget-wrap elementor-element-populated\">\n\t\t\t\t\t\t<div class=\"elementor-element elementor-element-a15f496 elementor-widget elementor-widget-industrium_heading\" data-id=\"a15f496\" data-element_type=\"widget\" data-widget_type=\"industrium_heading.default\">\n\t\t\t\t<div class=\"elementor-widget-container\">\n\t\t\t\t\t<div class=\"industrium-heading-widget\"><h2 class=\"industrium-heading\"><span class=\"industrium-heading-content\">Kullan\u0131m Ko\u015fullar\u0131<!-- notionvc: 0d6b3e9b-45de-4232-ad4e-8f94d6b44c6c --><\/span><\/h2><\/div>\t\t\t\t<\/div>\n\t\t\t\t<\/div>\n\t\t\t\t<div class=\"elementor-element elementor-element-032b430 elementor-widget elementor-widget-text-editor\" data-id=\"032b430\" data-element_type=\"widget\" data-widget_type=\"text-editor.default\">\n\t\t\t\t<div class=\"elementor-widget-container\">\n\t\t\t\t\t\t\t\t\t<p>Zafer Tank Ta\u015f\u0131mac\u0131l\u0131k \u015eirketi&#8217;nin kurumsal web sitesine ho\u015f geldiniz. Bu web sitesine eri\u015ferek ve kullanarak, a\u015fa\u011f\u0131daki kullan\u0131m ko\u015fullar\u0131na uymay\u0131 ve bunlara ba\u011fl\u0131 kalmay\u0131 kabul etmi\u015f olursunuz. Bu \u015fartlar\u0131n herhangi bir b\u00f6l\u00fcm\u00fcn\u00fc kabul etmiyorsan\u0131z, l\u00fctfen web sitemizi kullanmay\u0131n\u0131z.<!-- notionvc: 72621795-609c-4d2c-8017-4e07c8ee2610 --><br \/><!-- notionvc: 11830942-c148-48d0-9a65-2054cda0387f --><\/p>\t\t\t\t\t\t\t\t<\/div>\n\t\t\t\t<\/div>\n\t\t\t\t<div class=\"elementor-element elementor-element-6141658 elementor-widget elementor-widget-text-editor\" data-id=\"6141658\" data-element_type=\"widget\" data-widget_type=\"text-editor.default\">\n\t\t\t\t<div class=\"elementor-widget-container\">\n\t\t\t\t\t\t\t\t\t<h5><strong>1. Bilgilendirme Ama\u00e7l\u0131<\/strong><\/h5><p>Bu web sitesi sadece bilgilendirme ama\u00e7l\u0131 tasarlanm\u0131\u015ft\u0131r. Ziyaret\u00e7ilere Zafer Tank Ta\u015f\u0131mac\u0131l\u0131k \u015eirketi ve hizmetleri hakk\u0131nda bilgi vermeyi ama\u00e7lamaktad\u0131r. Web sitesindeki i\u00e7erik haber verilmeksizin de\u011fi\u015ftirilebilir.<\/p><h5><strong>2. Hedef Kitle<\/strong><\/h5><p>Bu web sitesinin hedef kitlesi tank konteyner operat\u00f6rleri ve s\u0131v\u0131 kimyasal \u015firketlerini kapsamaktad\u0131r. Bilgilerin k\u00fcresel bir kitle taraf\u0131ndan eri\u015filebilir olmas\u0131 i\u00e7in \u00e7aba g\u00f6sterirken, belirli bir co\u011frafi s\u0131n\u0131rlama yoktur.<\/p><h5><strong>3. Web Sitesi \u0130\u00e7eri\u011finin Kullan\u0131m\u0131<\/strong><\/h5><p>Bu web sitesindeki metin, grafik, logo, resim ve videolar dahil ancak bunlarla s\u0131n\u0131rl\u0131 olmamak \u00fczere i\u00e7erik, Zafer Tank Ta\u015f\u0131mac\u0131l\u0131k \u015eirketi&#8217;nin m\u00fclkiyetindedir ve telif hakk\u0131 yasalar\u0131yla korunmaktad\u0131r. Ziyaret\u00e7ilerin, Zafer Tank Ta\u015f\u0131mac\u0131l\u0131k \u015eirketi&#8217;nin a\u00e7\u0131k yaz\u0131l\u0131 izni olmaks\u0131z\u0131n bu web sitesindeki herhangi bir i\u00e7eri\u011fi kopyalamas\u0131, \u00e7o\u011faltmas\u0131, da\u011f\u0131tmas\u0131 veya kullanmas\u0131 yasakt\u0131r.<\/p><h5><strong>4. Hizmet Sunulmamaktad\u0131r<\/strong><\/h5><p>L\u00fctfen bu web sitesinin herhangi bir hizmet sunmad\u0131\u011f\u0131n\u0131 unutmay\u0131n. Zafer Tank Ta\u015f\u0131mac\u0131l\u0131k \u015eirketi ve faaliyetleri hakk\u0131nda bilgilendirici bir platform olarak hizmet vermektedir. Herhangi bir soru veya hizmet talebi, web sitesinde verilen uygun ileti\u015fim bilgilerine y\u00f6nlendirilmelidir.<\/p><h5><strong>5. Sorumluluk Reddi<\/strong><\/h5><p>Zafer Tank Ta\u015f\u0131mac\u0131l\u0131k \u015eirketi, bu web sitesinde sunulan bilgilerin do\u011frulu\u011funu sa\u011flamak i\u00e7in her t\u00fcrl\u00fc \u00e7abay\u0131 g\u00f6stermektedir. Ancak, herhangi bir i\u00e7eri\u011fin eksiksizli\u011fini, do\u011frulu\u011funu, g\u00fcncelli\u011fini veya g\u00fcvenilirli\u011fini garanti etmiyoruz. Bu web sitesinin kullan\u0131m riski size aittir.<\/p><h5><strong>6. \u00dc\u00e7\u00fcnc\u00fc Taraf Web Sitelerine Ba\u011flant\u0131lar<\/strong><\/h5><p>Bu web sitesi, ek bilgi veya referans i\u00e7in \u00fc\u00e7\u00fcnc\u00fc taraf web sitelerine ba\u011flant\u0131lar i\u00e7erebilir. Zafer Tank Ta\u015f\u0131mac\u0131l\u0131k \u015eirketi, bu ba\u011flant\u0131l\u0131 web sitelerinin i\u00e7eri\u011fi veya uygulamalar\u0131 i\u00e7in onay vermez veya sorumluluk almaz.<\/p><h5><strong>7. H\u00fck\u00fcm ve Ko\u015fullardaki De\u011fi\u015fiklikler<\/strong><\/h5><p>Zafer Tank Ta\u015f\u0131mac\u0131l\u0131k \u015eirketi bu h\u00fck\u00fcm ve ko\u015fullar\u0131 diledi\u011fi zaman de\u011fi\u015ftirme hakk\u0131n\u0131 sakl\u0131 tutar. Herhangi bir de\u011fi\u015fiklik, web sitesinde yay\u0131nland\u0131ktan hemen sonra y\u00fcr\u00fcrl\u00fc\u011fe girecektir. H\u00fck\u00fcm ve ko\u015fullar\u0131 d\u00fczenli olarak g\u00f6zden ge\u00e7irmek ziyaret\u00e7ilerin sorumlulu\u011fundad\u0131r.<\/p><h5><strong>\u0130leti\u015fim Bilgileri<\/strong><\/h5><p>Bu h\u00fck\u00fcm ve ko\u015fullarla ilgili herhangi bir sorunuz veya endi\u015feniz varsa, l\u00fctfen [ileti\u015fim <a href=\"mailto:info@zafertanktasima.com\">info@zafertanktasima.com<\/a>] adresinden bizimle ileti\u015fime ge\u00e7in.<\/p><p>Zafer Tank Ta\u015f\u0131mac\u0131l\u0131k \u015eirketi&#8217;nin kurumsal web sitesini ziyaret etti\u011finiz i\u00e7in te\u015fekk\u00fcr ederiz.<\/p><h5><!-- notionvc: 66efad70-8650-4f67-9c21-12dda0c089c0 --><\/h5>\t\t\t\t\t\t\t\t<\/div>\n\t\t\t\t<\/div>\n\t\t\t\t\t<\/div>\n\t\t<\/div>\n\t\t\t\t\t<\/div>\n\t\t<\/section>\n\t\t\t\t\t<\/div>\n\t\t<\/div>\n\t\t\t\t\t<\/div>\n\t\t<\/section>\n\t\t\t\t<\/div>","protected":false},"excerpt":{"rendered":"<p>Zafer Tank Ta\u015f\u0131mac\u0131l\u0131k \u015eirketi&#8217;nin kurumsal web sitesine ho\u015f geldiniz. Bu web sitesine eri\u015ferek ve kullanarak, a\u015fa\u011f\u0131daki kullan\u0131m ko\u015fullar\u0131na uymay\u0131 ve bunlara ba\u011fl\u0131 kalmay\u0131 kabul etmi\u015f olursunuz. Bu \u015fartlar\u0131n herhangi bir b\u00f6l\u00fcm\u00fcn\u00fc kabul etmiyorsan\u0131z, l\u00fctfen web sitemizi kullanmay\u0131n\u0131z. 1. Bilgilendirme Ama\u00e7l\u0131 Bu&#8230;<\/p>","protected":false},"author":1,"featured_media":0,"parent":0,"menu_order":0,"comment_status":"closed","ping_status":"closed","template":"","meta":{"om_disable_all_campaigns":false,"_monsterinsights_skip_tracking":false,"_monsterinsights_sitenote_active":false,"_monsterinsights_sitenote_note":"","_monsterinsights_sitenote_category":0,"_uf_show_specific_survey":0,"_uf_disable_surveys":false,"footnotes":""},"class_list":["post-20169","page","type-page","status-publish","hentry"],"aioseo_notices":[],"_links":{"self":[{"href":"https:\/\/www.zafertanktasima.com\/tr\/wp-json\/wp\/v2\/pages\/20169","targetHints":{"allow":["GET"]}}],"collection":[{"href":"https:\/\/www.zafertanktasima.com\/tr\/wp-json\/wp\/v2\/pages"}],"about":[{"href":"https:\/\/www.zafertanktasima.com\/tr\/wp-json\/wp\/v2\/types\/page"}],"author":[{"embeddable":true,"href":"https:\/\/www.zafertanktasima.com\/tr\/wp-json\/wp\/v2\/users\/1"}],"replies":[{"embeddable":true,"href":"https:\/\/www.zafertanktasima.com\/tr\/wp-json\/wp\/v2\/comments?post=20169"}],"version-history":[{"count":5,"href":"https:\/\/www.zafertanktasima.com\/tr\/wp-json\/wp\/v2\/pages\/20169\/revisions"}],"predecessor-version":[{"id":20174,"href":"https:\/\/www.zafertanktasima.com\/tr\/wp-json\/wp\/v2\/pages\/20169\/revisions\/20174"}],"wp:attachment":[{"href":"https:\/\/www.zafertanktasima.com\/tr\/wp-json\/wp\/v2\/media?parent=20169"}],"curies":[{"name":"wp","href":"https:\/\/api.w.org\/{rel}","templated":true}]}}