{"id":20162,"date":"2022-07-22T20:17:26","date_gmt":"2022-07-22T20:17:26","guid":{"rendered":"https:\/\/www.zafertanktasima.com\/?page_id=20162"},"modified":"2023-12-01T13:37:51","modified_gmt":"2023-12-01T13:37:51","slug":"gizlilik-politikasi","status":"publish","type":"page","link":"https:\/\/www.zafertanktasima.com\/tr\/gizlilik-politikasi\/","title":{"rendered":"Gizlilik Politikas\u0131"},"content":{"rendered":"<div data-elementor-type=\"wp-page\" data-elementor-id=\"20162\" class=\"elementor elementor-20162\" data-elementor-post-type=\"page\">\n\t\t\t\t\t\t<section data-parallax=\"scroll\" class=\"elementor-section elementor-top-section elementor-element elementor-element-2f7fe8ef elementor-section-height-min-height elementor-section-full_width elementor-section-stretched elementor-section-container-padding-remove elementor-section-height-default elementor-section-items-middle\" data-id=\"2f7fe8ef\" data-element_type=\"section\" id=\"about\" data-settings=\"{&quot;background_background&quot;:&quot;classic&quot;,&quot;stretch_section&quot;:&quot;section-stretched&quot;}\">\n\t\t\t\t\t\t<div class=\"elementor-container elementor-column-gap-default\">\n\t\t\t\t\t<div class=\"elementor-column elementor-col-100 elementor-top-column elementor-element elementor-element-6fc33c1c\" data-id=\"6fc33c1c\" data-element_type=\"column\">\n\t\t\t<div class=\"elementor-widget-wrap\">\n\t\t\t\t\t\t\t<\/div>\n\t\t<\/div>\n\t\t\t\t\t<\/div>\n\t\t<\/section>\n\t\t\t\t<section data-parallax=\"scroll\" class=\"elementor-section elementor-top-section elementor-element elementor-element-2c325de elementor-section-height-min-height elementor-section-stretched elementor-section-container-padding-remove elementor-section-boxed elementor-section-height-default elementor-section-items-middle\" data-id=\"2c325de\" data-element_type=\"section\" id=\"about\" data-settings=\"{&quot;background_background&quot;:&quot;classic&quot;,&quot;stretch_section&quot;:&quot;section-stretched&quot;}\">\n\t\t\t\t\t\t<div class=\"elementor-container elementor-column-gap-default\">\n\t\t\t\t\t<div class=\"elementor-column elementor-col-100 elementor-top-column elementor-element elementor-element-6a79d7e\" data-id=\"6a79d7e\" data-element_type=\"column\">\n\t\t\t<div class=\"elementor-widget-wrap elementor-element-populated\">\n\t\t\t\t\t\t<section class=\"elementor-section elementor-inner-section elementor-element elementor-element-6ae55e5 elementor-section-height-min-height elementor-section-content-top elementor-section-boxed elementor-section-height-default\" data-id=\"6ae55e5\" data-element_type=\"section\" data-settings=\"{&quot;background_background&quot;:&quot;classic&quot;}\">\n\t\t\t\t\t\t<div class=\"elementor-container elementor-column-gap-wider\">\n\t\t\t\t\t<div class=\"elementor-column elementor-col-50 elementor-inner-column elementor-element elementor-element-a57bf94\" data-id=\"a57bf94\" data-element_type=\"column\">\n\t\t\t<div class=\"elementor-widget-wrap\">\n\t\t\t\t\t\t\t<\/div>\n\t\t<\/div>\n\t\t\t\t<div class=\"elementor-column elementor-col-50 elementor-inner-column elementor-element elementor-element-5145453\" data-id=\"5145453\" data-element_type=\"column\">\n\t\t\t<div class=\"elementor-widget-wrap elementor-element-populated\">\n\t\t\t\t\t\t<div class=\"elementor-element elementor-element-a15f496 elementor-widget elementor-widget-industrium_heading\" data-id=\"a15f496\" data-element_type=\"widget\" data-widget_type=\"industrium_heading.default\">\n\t\t\t\t<div class=\"elementor-widget-container\">\n\t\t\t\t\t<div class=\"industrium-heading-widget\"><h2 class=\"industrium-heading\"><span class=\"industrium-heading-content\">Gizlilik Politikas\u0131<br \/><!-- notionvc: f024045e-c179-498b-b72c-f7f4271bfebd --><\/span><\/h2><\/div>\t\t\t\t<\/div>\n\t\t\t\t<\/div>\n\t\t\t\t<div class=\"elementor-element elementor-element-032b430 elementor-widget elementor-widget-text-editor\" data-id=\"032b430\" data-element_type=\"widget\" data-widget_type=\"text-editor.default\">\n\t\t\t\t<div class=\"elementor-widget-container\">\n\t\t\t\t\t\t\t\t\t<p>Zafer Tank Ta\u015f\u0131mac\u0131l\u0131k \u015eirketi&#8217;nin kurumsal web sitesine ho\u015f geldiniz. Bu Gizlilik Politikas\u0131, bu web sitesi arac\u0131l\u0131\u011f\u0131yla toplanan bilgileri nas\u0131l toplad\u0131\u011f\u0131m\u0131z\u0131, kulland\u0131\u011f\u0131m\u0131z\u0131 ve korudu\u011fumuzu \u00f6zetlemektedir. Bu web sitesine eri\u015ferek ve kullanarak, bu Gizlilik Politikas\u0131nda belirtilen \u015fartlar\u0131 kabul etmi\u015f olursunuz.<!-- notionvc: 2da00c18-82c8-42df-a8db-6b666f62e75e --><\/p>\t\t\t\t\t\t\t\t<\/div>\n\t\t\t\t<\/div>\n\t\t\t\t<div class=\"elementor-element elementor-element-6141658 elementor-widget elementor-widget-text-editor\" data-id=\"6141658\" data-element_type=\"widget\" data-widget_type=\"text-editor.default\">\n\t\t\t\t<div class=\"elementor-widget-container\">\n\t\t\t\t\t\t\t\t\t<h5>Toplanan Bilgiler<!-- notionvc: a6bfe929-412d-4e27-b4d1-1d71c72a226d --><\/h5><h6>Kullan\u0131m \u0130statistikleri ve Analizler<!-- notionvc: 77f01b26-b42a-41e0-8f21-dfce2dc8d402 --><\/h6><p>We use Google Analytics and other similar analytics services to collect non-personal information about the usage of our website. This information includes but is not limited to:<\/p><ul><li><p>IP adresleri<\/p><\/li><li><p>Taray\u0131c\u0131 t\u00fcrleri<\/p><\/li><li><p>\u0130\u015fletim sistemleri<\/p><\/li><li><p>Ziyaret tarihi ve saati<\/p><\/li><li><p>G\u00f6r\u00fcnt\u00fclenen sayfalar<\/p><!-- notionvc: 79b837cc-93c2-4604-a875-e2d222c486e5 --><\/li><\/ul><p>Bu veriler, e\u011filimleri analiz etmek, siteyi y\u00f6netmek, kullan\u0131c\u0131 hareketlerini izlemek ve reklam ve yeniden pazarlama amac\u0131yla demografik bilgiler toplamak i\u00e7in toplan\u0131r. Kullan\u0131c\u0131 deneyimini geli\u015ftirmemize ve i\u00e7eri\u011fimizi hedef kitlemizin ihtiya\u00e7lar\u0131n\u0131 daha iyi kar\u015f\u0131layacak \u015fekilde uyarlamam\u0131za yard\u0131mc\u0131 olur.<!-- notionvc: 8b83dc75-a0e4-456f-997a-99d7188b7f85 --><\/p><h5>\u00dc\u00e7\u00fcnc\u00fc Taraf Analitik Hizmetleri<!-- notionvc: 35bd5894-6a43-4baa-bb7b-375c4788d6b9 --><\/h5><p>Analitik hizmetleri arac\u0131l\u0131\u011f\u0131yla toplanan ki\u015fisel olmayan bilgileri yukar\u0131da belirtilen ama\u00e7lar do\u011frultusunda Google Analytics gibi \u00fc\u00e7\u00fcnc\u00fc taraflarla payla\u015fabiliriz. Bu \u00fc\u00e7\u00fcnc\u00fc taraflar\u0131n kendi gizlilik politikalar\u0131 vard\u0131r ve bunlar\u0131 incelemenizi \u00f6neririz.<!-- notionvc: 663b86d4-cc2a-483b-84f3-42ea430051a9 --><\/p><h5>G\u00fcvenlik<!-- notionvc: 9739c424-365c-4295-855e-c40e357ee8fb --><\/h5><p>Web sitemiz, ki\u015fisel bilgilerinizin gizlili\u011fini korumak i\u00e7in SSL \u015fifreleme ile g\u00fcvence alt\u0131na al\u0131nm\u0131\u015ft\u0131r. Ancak, internet \u00fczerinden hi\u00e7bir iletim y\u00f6nteminin veya elektronik depolaman\u0131n tamamen g\u00fcvenli olmad\u0131\u011f\u0131n\u0131 l\u00fctfen unutmay\u0131n.<!-- notionvc: e0d71c7d-ca74-45f5-bc57-2ebf8cafaacd --><\/p><h5>\u00c7erez Onay\u0131 ve Y\u00f6netimi<!-- notionvc: 9fa7824e-aed4-4ff4-8a43-85e8e9784aa7 --><\/h5><p>Web sitemizi ilk ziyaretinizde, size bir \u00e7erez onay\u0131 banner&#8217;\u0131 sunulacakt\u0131r. Web sitemizi kullanarak, \u00e7erezlerin bu Gizlilik Politikas\u0131na uygun olarak kullan\u0131lmas\u0131na izin vermi\u015f olursunuz. \u00c7erez tercihlerinizi banner \u00fczerinden y\u00f6netebilirsiniz.<!-- notionvc: 64742d2d-29ab-415a-a783-21b2a9c49687 --><\/p><h5>Veri Saklama<!-- notionvc: 88c2aeb7-298a-4be9-bd6a-d07a39676255 --><\/h5><p>Web sitesi arac\u0131l\u0131\u011f\u0131yla toplanan ki\u015fisel verileri yerel olarak saklam\u0131yoruz. Google Analytics taraf\u0131ndan toplanan verilerin saklama s\u00fcresi Google&#8217;\u0131n politikalar\u0131na g\u00f6re belirlenir. Daha fazla bilgi i\u00e7in l\u00fctfen Google&#8217;\u0131n Gizlilik Politikas\u0131na bak\u0131n.<!-- notionvc: 173df706-7b7e-4b85-b7db-a618e0fc9f49 --><\/p><h5>Gizlilik Politikas\u0131ndaki De\u011fi\u015fiklikler<!-- notionvc: 178461a5-f8cb-4f0b-8f20-afaaf674c11e --><\/h5><p>Zafer Tank Ta\u015f\u0131mac\u0131l\u0131k \u015eirketi, bu Gizlilik Politikas\u0131n\u0131 diledi\u011fi zaman de\u011fi\u015ftirme hakk\u0131n\u0131 sakl\u0131 tutar. Herhangi bir de\u011fi\u015fiklik, web sitesinde yay\u0131nland\u0131ktan hemen sonra y\u00fcr\u00fcrl\u00fc\u011fe girecektir. Gizlilik Politikas\u0131n\u0131 d\u00fczenli olarak g\u00f6zden ge\u00e7irmek sizin sorumlulu\u011funuzdad\u0131r.<!-- notionvc: 4f5aa312-56c6-4d55-884a-0ee7b5883673 --><\/p><h5>\u0130leti\u015fim Bilgileri<!-- notionvc: 05191a17-3d1d-427a-a901-8e255295ed1f --><\/h5><p>Bu Gizlilik Politikas\u0131 ile ilgili herhangi bir sorunuz veya endi\u015feniz varsa, l\u00fctfen [ileti\u015fim <a class=\"notion-link-token notion-focusable-token notion-enable-hover\" tabindex=\"0\" href=\"mailto:info@zafertanktasima.com\" rel=\"noopener noreferrer\" data-token-index=\"1\"><span class=\"link-annotation-unknown-block-id--2095280810\">info@zafertanktasima.com<\/span><\/a>] adresinden bizimle ileti\u015fime ge\u00e7in.<!-- notionvc: 8ae03ccd-9ca1-4c1b-bf73-a389f48d59b5 --><\/p><p><!-- notionvc: 7e8f966c-3873-4e66-bc25-ee1f8b68826d --><\/p>\t\t\t\t\t\t\t\t<\/div>\n\t\t\t\t<\/div>\n\t\t\t\t\t<\/div>\n\t\t<\/div>\n\t\t\t\t\t<\/div>\n\t\t<\/section>\n\t\t\t\t\t<\/div>\n\t\t<\/div>\n\t\t\t\t\t<\/div>\n\t\t<\/section>\n\t\t\t\t<\/div>","protected":false},"excerpt":{"rendered":"<p>Zafer Tank Ta\u015f\u0131mac\u0131l\u0131k \u015eirketi&#8217;nin kurumsal web sitesine ho\u015f geldiniz. Bu Gizlilik Politikas\u0131, bu web sitesi arac\u0131l\u0131\u011f\u0131yla toplanan bilgileri nas\u0131l toplad\u0131\u011f\u0131m\u0131z\u0131, kulland\u0131\u011f\u0131m\u0131z\u0131 ve korudu\u011fumuzu \u00f6zetlemektedir. Bu web sitesine eri\u015ferek ve kullanarak, bu Gizlilik Politikas\u0131nda belirtilen \u015fartlar\u0131 kabul etmi\u015f olursunuz. Toplanan Bilgiler Kullan\u0131m&#8230;<\/p>","protected":false},"author":1,"featured_media":0,"parent":0,"menu_order":0,"comment_status":"closed","ping_status":"closed","template":"","meta":{"om_disable_all_campaigns":false,"_monsterinsights_skip_tracking":false,"_monsterinsights_sitenote_active":false,"_monsterinsights_sitenote_note":"","_monsterinsights_sitenote_category":0,"_uf_show_specific_survey":0,"_uf_disable_surveys":false,"footnotes":""},"class_list":["post-20162","page","type-page","status-publish","hentry"],"aioseo_notices":[],"_links":{"self":[{"href":"https:\/\/www.zafertanktasima.com\/tr\/wp-json\/wp\/v2\/pages\/20162","targetHints":{"allow":["GET"]}}],"collection":[{"href":"https:\/\/www.zafertanktasima.com\/tr\/wp-json\/wp\/v2\/pages"}],"about":[{"href":"https:\/\/www.zafertanktasima.com\/tr\/wp-json\/wp\/v2\/types\/page"}],"author":[{"embeddable":true,"href":"https:\/\/www.zafertanktasima.com\/tr\/wp-json\/wp\/v2\/users\/1"}],"replies":[{"embeddable":true,"href":"https:\/\/www.zafertanktasima.com\/tr\/wp-json\/wp\/v2\/comments?post=20162"}],"version-history":[{"count":5,"href":"https:\/\/www.zafertanktasima.com\/tr\/wp-json\/wp\/v2\/pages\/20162\/revisions"}],"predecessor-version":[{"id":20167,"href":"https:\/\/www.zafertanktasima.com\/tr\/wp-json\/wp\/v2\/pages\/20162\/revisions\/20167"}],"wp:attachment":[{"href":"https:\/\/www.zafertanktasima.com\/tr\/wp-json\/wp\/v2\/media?parent=20162"}],"curies":[{"name":"wp","href":"https:\/\/api.w.org\/{rel}","templated":true}]}}