{"id":20156,"date":"2022-08-02T14:39:39","date_gmt":"2022-08-02T14:39:39","guid":{"rendered":"https:\/\/www.zafertanktasima.com\/?page_id=20156"},"modified":"2023-12-01T13:30:03","modified_gmt":"2023-12-01T13:30:03","slug":"blog-tr","status":"publish","type":"page","link":"https:\/\/www.zafertanktasima.com\/tr\/blog-tr\/","title":{"rendered":"Blog TR"},"content":{"rendered":"<div data-elementor-type=\"wp-page\" data-elementor-id=\"20156\" class=\"elementor elementor-20156\" data-elementor-post-type=\"page\">\n\t\t\t\t\t\t<section class=\"elementor-section elementor-top-section elementor-element elementor-element-baf1f34 elementor-section-boxed elementor-section-height-default elementor-section-height-default\" data-id=\"baf1f34\" data-element_type=\"section\">\n\t\t\t\t\t\t<div class=\"elementor-container elementor-column-gap-default\">\n\t\t\t\t\t<div class=\"elementor-column elementor-col-100 elementor-top-column elementor-element elementor-element-a2e00ca\" data-id=\"a2e00ca\" data-element_type=\"column\">\n\t\t\t<div class=\"elementor-widget-wrap elementor-element-populated\">\n\t\t\t\t\t\t<div class=\"elementor-element elementor-element-00ec5a3 elementor-widget elementor-widget-industrium_blog_listing\" data-id=\"00ec5a3\" data-element_type=\"widget\" data-widget_type=\"industrium_blog_listing.default\">\n\t\t\t\t<div class=\"elementor-widget-container\">\n\t\t\t\t\t\n        <div class=\"archive-listing\" data-ajax='{&quot;post_type&quot;:&quot;post&quot;,&quot;posts_per_page&quot;:12,&quot;orderby&quot;:&quot;date&quot;,&quot;order&quot;:&quot;desc&quot;,&quot;paged&quot;:1,&quot;category_name&quot;:&quot;&quot;,&quot;tag&quot;:&quot;&quot;,&quot;post__in&quot;:&quot;&quot;,&quot;ignore_sticky_posts&quot;:false,&quot;link_base&quot;:&quot;https:\\\/\\\/www.zafertanktasima.com\\\/tr\\\/wp-json\\\/wp\\\/v2\\\/pages\\\/20156&quot;}' data-widget='{&quot;excerpt_length&quot;:319,&quot;show_cat&quot;:&quot;yes&quot;,&quot;show_media&quot;:&quot;yes&quot;,&quot;show_author&quot;:&quot;&quot;,&quot;show_date&quot;:&quot;yes&quot;,&quot;show_title&quot;:&quot;yes&quot;,&quot;show_tags&quot;:&quot;&quot;,&quot;show_excerpt&quot;:&quot;&quot;,&quot;show_read_more&quot;:&quot;&quot;,&quot;read_more_text&quot;:&quot;Explore More&quot;,&quot;item_class&quot;:&quot;post grid-item grid-blog-item-wrapper&quot;,&quot;columns_number&quot;:4,&quot;listing_type&quot;:&quot;grid&quot;}'>\n            <div class=\"archive-listing-wrapper grid-listing columns-4\">\n                \n<div class=\"standard-blog-item-wrapper post grid-item grid-blog-item-wrapper post-20626 type-post status-publish format-standard has-post-thumbnail hentry category-oduller\">\n    <div class=\"blog-item\">\n        <div class=\"post-media-wrapper\"><a href=\"https:\/\/www.zafertanktasima.com\/tr\/zafer-tank-2025-top-dangerous-chemicals-transportation-service-odulune-layik-goruldu\/\"><picture><source media=\"(max-width: 575px)\" sizes=\"(max-width: 535px) 535px\" srcset=\"https:\/\/www.zafertanktasima.com\/wp-content\/uploads\/zafer-tank-Top-Dangerous-Chemicals-Transportation-Service-2025-640x700.jpg 535w\"><source media=\"(max-width: 991px)\" sizes=\"(max-width: 951px) 951px\" srcset=\"https:\/\/www.zafertanktasima.com\/wp-content\/uploads\/zafer-tank-Top-Dangerous-Chemicals-Transportation-Service-2025-480x600.jpg 951w\"><img decoding=\"async\" alt=\"Zafer Tank Awarded \u201cTop Dangerous Chemicals Transportation Service 2025\u201d\" title=\"zafer-tank-Top Dangerous Chemicals Transportation Service 2025\" src=\"https:\/\/www.zafertanktasima.com\/wp-content\/uploads\/zafer-tank-Top-Dangerous-Chemicals-Transportation-Service-2025-480x600.jpg\" class=\"attachment-industrium_post_grid_4_columns size-industrium_post_grid_4_columns wp-post-image\" \/><\/picture><\/a><\/div><div class=\"post-meta-header\"><div class=\"post-meta-item post-meta-item-date\"><a href=\"https:\/\/www.zafertanktasima.com\/tr\/2025\/12\/12\/\"><span class=\"post-meta-item-day\">12<\/span><span class=\"post-meta-item-month-year\">Ara '25<\/span><\/a><\/div><\/div><div class=\"post-labels\"><div class=\"post-categories\"><a class=\"post-category-item\" href=\"https:\/\/www.zafertanktasima.com\/tr\/category\/oduller\/\">\u00d6d\u00fcller<\/a><\/div><\/div><h5 class=\"post-title\"><a href=\"https:\/\/www.zafertanktasima.com\/tr\/zafer-tank-2025-top-dangerous-chemicals-transportation-service-odulune-layik-goruldu\/\">Zafer Tank, &#8220;2025 Top Dangerous Chemicals Transportation Service&#8221; \u00d6d\u00fcl\u00fcne Lay\u0131k G\u00f6r\u00fcld\u00fc<\/a><\/h5>    <\/div>\n<\/div>\n<div class=\"standard-blog-item-wrapper post grid-item grid-blog-item-wrapper post-20503 type-post status-publish format-standard has-post-thumbnail hentry category-genel category-verimlilik\">\n    <div class=\"blog-item\">\n        <div class=\"post-media-wrapper\"><a href=\"https:\/\/www.zafertanktasima.com\/tr\/tank-konteyner-lojistiginde-verimliligi-optimize-etme\/\"><picture><source media=\"(max-width: 575px)\" sizes=\"(max-width: 535px) 535px\" srcset=\"https:\/\/www.zafertanktasima.com\/wp-content\/uploads\/about-min-1-1-640x800.jpg 535w\"><source media=\"(max-width: 991px)\" sizes=\"(max-width: 951px) 951px\" srcset=\"https:\/\/www.zafertanktasima.com\/wp-content\/uploads\/about-min-1-1-480x600.jpg 951w\"><img decoding=\"async\" alt=\"Zafer Tank Ta\u015f\u0131ma Vehicle Fleet\" title=\"Optimizing efficiency in tank container logistics\" src=\"https:\/\/www.zafertanktasima.com\/wp-content\/uploads\/about-min-1-1-480x600.jpg\" class=\"attachment-industrium_post_grid_4_columns size-industrium_post_grid_4_columns wp-post-image\" \/><\/picture><\/a><\/div><div class=\"post-meta-header\"><div class=\"post-meta-item post-meta-item-date\"><a href=\"https:\/\/www.zafertanktasima.com\/tr\/2024\/02\/27\/\"><span class=\"post-meta-item-day\">27<\/span><span class=\"post-meta-item-month-year\">\u015eub '24<\/span><\/a><\/div><\/div><div class=\"post-labels\"><div class=\"post-categories\"><a class=\"post-category-item\" href=\"https:\/\/www.zafertanktasima.com\/tr\/category\/genel\/\">Genel<\/a><a class=\"post-category-item\" href=\"https:\/\/www.zafertanktasima.com\/tr\/category\/verimlilik\/\">Verimlilik<\/a><\/div><\/div><h5 class=\"post-title\"><a href=\"https:\/\/www.zafertanktasima.com\/tr\/tank-konteyner-lojistiginde-verimliligi-optimize-etme\/\">Tank konteyner lojisti\u011finde verimlili\u011fi optimize etme<\/a><\/h5>    <\/div>\n<\/div>\n<div class=\"standard-blog-item-wrapper post grid-item grid-blog-item-wrapper post-20491 type-post status-publish format-standard has-post-thumbnail hentry category-sivi-kimyasal-tasimaciligi\">\n    <div class=\"blog-item\">\n        <div class=\"post-media-wrapper\"><a href=\"https:\/\/www.zafertanktasima.com\/tr\/akiskan-dinamigi-tank-konteynerlerde-viskoz-sivilarin-yonetimi\/\"><picture><source media=\"(max-width: 575px)\" sizes=\"(max-width: 535px) 535px\" srcset=\"https:\/\/www.zafertanktasima.com\/wp-content\/uploads\/fluid-dynamics-image-min-640x800.jpg 535w\"><source media=\"(max-width: 991px)\" sizes=\"(max-width: 951px) 951px\" srcset=\"https:\/\/www.zafertanktasima.com\/wp-content\/uploads\/fluid-dynamics-image-min-480x600.jpg 951w\"><img decoding=\"async\" alt=\"Fluid Dynamics\" title=\"Fluid Dynamics\" src=\"https:\/\/www.zafertanktasima.com\/wp-content\/uploads\/fluid-dynamics-image-min-480x600.jpg\" class=\"attachment-industrium_post_grid_4_columns size-industrium_post_grid_4_columns wp-post-image\" \/><\/picture><\/a><\/div><div class=\"post-meta-header\"><div class=\"post-meta-item post-meta-item-date\"><a href=\"https:\/\/www.zafertanktasima.com\/tr\/2024\/02\/15\/\"><span class=\"post-meta-item-day\">15<\/span><span class=\"post-meta-item-month-year\">\u015eub '24<\/span><\/a><\/div><\/div><div class=\"post-labels\"><div class=\"post-categories\"><a class=\"post-category-item\" href=\"https:\/\/www.zafertanktasima.com\/tr\/category\/sivi-kimyasal-tasimaciligi\/\">S\u0131v\u0131 Kimyasal Ta\u015f\u0131mac\u0131l\u0131\u011f\u0131<\/a><\/div><\/div><h5 class=\"post-title\"><a href=\"https:\/\/www.zafertanktasima.com\/tr\/akiskan-dinamigi-tank-konteynerlerde-viskoz-sivilarin-yonetimi\/\">Ak\u0131\u015fkan Dinami\u011fi: Tank Konteynerlerde Viskoz S\u0131v\u0131lar\u0131n Y\u00f6netimi<\/a><\/h5>    <\/div>\n<\/div>\n<div class=\"standard-blog-item-wrapper post grid-item grid-blog-item-wrapper post-20478 type-post status-publish format-standard has-post-thumbnail hentry category-uluslararasi-tasimacilik\">\n    <div class=\"blog-item\">\n        <div class=\"post-media-wrapper\"><a href=\"https:\/\/www.zafertanktasima.com\/tr\/uluslararasi-tank-konteyner-tasimaciligindaki-karmasiklik-acigini-kapatmak\/\"><picture><source media=\"(max-width: 575px)\" sizes=\"(max-width: 535px) 535px\" srcset=\"https:\/\/www.zafertanktasima.com\/wp-content\/uploads\/Zafer_Tank_International_Representatives-640x800.png 535w\"><source media=\"(max-width: 991px)\" sizes=\"(max-width: 951px) 951px\" srcset=\"https:\/\/www.zafertanktasima.com\/wp-content\/uploads\/Zafer_Tank_International_Representatives-480x600.png 951w\"><img decoding=\"async\" alt=\"Zafer Tank International Representatives\" title=\"Zafer Tank International Representatives\" src=\"https:\/\/www.zafertanktasima.com\/wp-content\/uploads\/Zafer_Tank_International_Representatives-480x600.png\" class=\"attachment-industrium_post_grid_4_columns size-industrium_post_grid_4_columns wp-post-image\" \/><\/picture><\/a><\/div><div class=\"post-meta-header\"><div class=\"post-meta-item post-meta-item-date\"><a href=\"https:\/\/www.zafertanktasima.com\/tr\/2024\/02\/06\/\"><span class=\"post-meta-item-day\">06<\/span><span class=\"post-meta-item-month-year\">\u015eub '24<\/span><\/a><\/div><\/div><div class=\"post-labels\"><div class=\"post-categories\"><a class=\"post-category-item\" href=\"https:\/\/www.zafertanktasima.com\/tr\/category\/uluslararasi-tasimacilik\/\">Uluslararas\u0131 Ta\u015f\u0131mac\u0131l\u0131k<\/a><\/div><\/div><h5 class=\"post-title\"><a href=\"https:\/\/www.zafertanktasima.com\/tr\/uluslararasi-tank-konteyner-tasimaciligindaki-karmasiklik-acigini-kapatmak\/\">Uluslararas\u0131 tank konteyner ta\u015f\u0131mac\u0131l\u0131\u011f\u0131ndaki karma\u015f\u0131kl\u0131k a\u00e7\u0131\u011f\u0131n\u0131 kapatmak<\/a><\/h5>    <\/div>\n<\/div>\n<div class=\"standard-blog-item-wrapper post grid-item grid-blog-item-wrapper post-20421 type-post status-publish format-standard has-post-thumbnail hentry category-guvenlik\">\n    <div class=\"blog-item\">\n        <div class=\"post-media-wrapper\"><a href=\"https:\/\/www.zafertanktasima.com\/tr\/icmi-sertifikamizi-aldik\/\"><picture><source media=\"(max-width: 575px)\" sizes=\"(max-width: 535px) 535px\" srcset=\"https:\/\/www.zafertanktasima.com\/wp-content\/uploads\/icmc_logo-min-640x800.png 535w\"><source media=\"(max-width: 991px)\" sizes=\"(max-width: 951px) 951px\" srcset=\"https:\/\/www.zafertanktasima.com\/wp-content\/uploads\/icmc_logo-min-480x600.png 951w\"><img decoding=\"async\" alt=\"ICMI Cyanide Code\" title=\"ICMI Cyanide Code\" src=\"https:\/\/www.zafertanktasima.com\/wp-content\/uploads\/icmc_logo-min-480x600.png\" class=\"attachment-industrium_post_grid_4_columns size-industrium_post_grid_4_columns wp-post-image\" \/><\/picture><\/a><\/div><div class=\"post-meta-header\"><div class=\"post-meta-item post-meta-item-date\"><a href=\"https:\/\/www.zafertanktasima.com\/tr\/2024\/01\/19\/\"><span class=\"post-meta-item-day\">19<\/span><span class=\"post-meta-item-month-year\">Oca '24<\/span><\/a><\/div><\/div><div class=\"post-labels\"><div class=\"post-categories\"><a class=\"post-category-item\" href=\"https:\/\/www.zafertanktasima.com\/tr\/category\/guvenlik\/\">G\u00fcvenlik<\/a><\/div><\/div><h5 class=\"post-title\"><a href=\"https:\/\/www.zafertanktasima.com\/tr\/icmi-sertifikamizi-aldik\/\">ICMI Sertifikam\u0131z\u0131 ald\u0131k<\/a><\/h5>    <\/div>\n<\/div>\n<div class=\"standard-blog-item-wrapper post grid-item grid-blog-item-wrapper post-20408 type-post status-publish format-standard has-post-thumbnail hentry category-guvenlik\">\n    <div class=\"blog-item\">\n        <div class=\"post-media-wrapper\"><a href=\"https:\/\/www.zafertanktasima.com\/tr\/harward-business-review-turkiyenin-ocak24-sayisinda-yayinlanan-dergi-reklamimiz\/\"><picture><source media=\"(max-width: 575px)\" sizes=\"(max-width: 535px) 535px\" srcset=\"https:\/\/www.zafertanktasima.com\/wp-content\/uploads\/zafer_hbrtr_jan2024-640x800.jpg 535w\"><source media=\"(max-width: 991px)\" sizes=\"(max-width: 951px) 951px\" srcset=\"https:\/\/www.zafertanktasima.com\/wp-content\/uploads\/zafer_hbrtr_jan2024-480x600.jpg 951w\"><img decoding=\"async\" alt=\"Mission Impossible\" title=\"Mission Impossible\" src=\"https:\/\/www.zafertanktasima.com\/wp-content\/uploads\/zafer_hbrtr_jan2024-480x600.jpg\" class=\"attachment-industrium_post_grid_4_columns size-industrium_post_grid_4_columns wp-post-image\" \/><\/picture><\/a><\/div><div class=\"post-meta-header\"><div class=\"post-meta-item post-meta-item-date\"><a href=\"https:\/\/www.zafertanktasima.com\/tr\/2024\/01\/11\/\"><span class=\"post-meta-item-day\">11<\/span><span class=\"post-meta-item-month-year\">Oca '24<\/span><\/a><\/div><\/div><div class=\"post-labels\"><div class=\"post-categories\"><a class=\"post-category-item\" href=\"https:\/\/www.zafertanktasima.com\/tr\/category\/guvenlik\/\">G\u00fcvenlik<\/a><\/div><\/div><h5 class=\"post-title\"><a href=\"https:\/\/www.zafertanktasima.com\/tr\/harward-business-review-turkiyenin-ocak24-sayisinda-yayinlanan-dergi-reklamimiz\/\">Harward Business Review T\u00fcrkiye&#8217;nin Ocak&#8217;24 Say\u0131s\u0131nda Yay\u0131nlanan Dergi Reklam\u0131m\u0131z<\/a><\/h5>    <\/div>\n<\/div>\n<div class=\"standard-blog-item-wrapper post grid-item grid-blog-item-wrapper post-20379 type-post status-publish format-standard has-post-thumbnail hentry category-risk-yonetimi category-tank-konteyner-tasimaciligi\">\n    <div class=\"blog-item\">\n        <div class=\"post-media-wrapper\"><a href=\"https:\/\/www.zafertanktasima.com\/tr\/tank-konteyner-tasimaciliginda-proaktif-risk-yonetimi\/\"><picture><source media=\"(max-width: 575px)\" sizes=\"(max-width: 535px) 535px\" srcset=\"https:\/\/www.zafertanktasima.com\/wp-content\/uploads\/tank-container-bw-min-rs-1-640x800.jpg 535w\"><source media=\"(max-width: 991px)\" sizes=\"(max-width: 951px) 951px\" srcset=\"https:\/\/www.zafertanktasima.com\/wp-content\/uploads\/tank-container-bw-min-rs-1-480x600.jpg 951w\"><img decoding=\"async\" alt=\"Proactive risk management in tank container transportation\" title=\"Proactive risk management in tank container transportation\" src=\"https:\/\/www.zafertanktasima.com\/wp-content\/uploads\/tank-container-bw-min-rs-1-480x600.jpg\" class=\"attachment-industrium_post_grid_4_columns size-industrium_post_grid_4_columns wp-post-image\" \/><\/picture><\/a><\/div><div class=\"post-meta-header\"><div class=\"post-meta-item post-meta-item-date\"><a href=\"https:\/\/www.zafertanktasima.com\/tr\/2023\/12\/25\/\"><span class=\"post-meta-item-day\">25<\/span><span class=\"post-meta-item-month-year\">Ara '23<\/span><\/a><\/div><\/div><div class=\"post-labels\"><div class=\"post-categories\"><a class=\"post-category-item\" href=\"https:\/\/www.zafertanktasima.com\/tr\/category\/risk-yonetimi\/\">Risk Y\u00f6netimi<\/a><a class=\"post-category-item\" href=\"https:\/\/www.zafertanktasima.com\/tr\/category\/tank-konteyner-tasimaciligi\/\">Tank Konteyner Ta\u015f\u0131mac\u0131l\u0131\u011f\u0131<\/a><\/div><\/div><h5 class=\"post-title\"><a href=\"https:\/\/www.zafertanktasima.com\/tr\/tank-konteyner-tasimaciliginda-proaktif-risk-yonetimi\/\">Tank konteyner ta\u015f\u0131mac\u0131l\u0131\u011f\u0131nda proaktif risk y\u00f6netimi<\/a><\/h5>    <\/div>\n<\/div>\n<div class=\"standard-blog-item-wrapper post grid-item grid-blog-item-wrapper post-20371 type-post status-publish format-standard has-post-thumbnail hentry category-genel category-tank-konteyner-depolama\">\n    <div class=\"blog-item\">\n        <div class=\"post-media-wrapper\"><a href=\"https:\/\/www.zafertanktasima.com\/tr\/tank-konteynerlerinizi-nasil-koruyoruz\/\"><picture><source media=\"(max-width: 575px)\" sizes=\"(max-width: 535px) 535px\" srcset=\"https:\/\/www.zafertanktasima.com\/wp-content\/uploads\/tank-container-storage-640x800.jpeg 535w\"><source media=\"(max-width: 991px)\" sizes=\"(max-width: 951px) 951px\" srcset=\"https:\/\/www.zafertanktasima.com\/wp-content\/uploads\/tank-container-storage-480x600.jpeg 951w\"><img decoding=\"async\" alt=\"Tank Container Storage\" title=\"Tank Container Storage\" src=\"https:\/\/www.zafertanktasima.com\/wp-content\/uploads\/tank-container-storage-480x600.jpeg\" class=\"attachment-industrium_post_grid_4_columns size-industrium_post_grid_4_columns wp-post-image\" \/><\/picture><\/a><\/div><div class=\"post-meta-header\"><div class=\"post-meta-item post-meta-item-date\"><a href=\"https:\/\/www.zafertanktasima.com\/tr\/2023\/12\/12\/\"><span class=\"post-meta-item-day\">12<\/span><span class=\"post-meta-item-month-year\">Ara '23<\/span><\/a><\/div><\/div><div class=\"post-labels\"><div class=\"post-categories\"><a class=\"post-category-item\" href=\"https:\/\/www.zafertanktasima.com\/tr\/category\/genel\/\">Genel<\/a><a class=\"post-category-item\" href=\"https:\/\/www.zafertanktasima.com\/tr\/category\/tank-konteyner-depolama\/\">Tank Konteyner Depolama<\/a><\/div><\/div><h5 class=\"post-title\"><a href=\"https:\/\/www.zafertanktasima.com\/tr\/tank-konteynerlerinizi-nasil-koruyoruz\/\">Tank konteynerlerinizi nas\u0131l koruyoruz?<\/a><\/h5>    <\/div>\n<\/div>\n<div class=\"standard-blog-item-wrapper post grid-item grid-blog-item-wrapper post-20181 type-post status-publish format-standard has-post-thumbnail hentry category-tank-konteyner-tasimaciligi\">\n    <div class=\"blog-item\">\n        <div class=\"post-media-wrapper\"><a href=\"https:\/\/www.zafertanktasima.com\/tr\/sivi-kimyasallarin-tasinmasi-neden-daha-fazla-dikkat-ve-uzmanlik-gerektirir\/\"><picture><source media=\"(max-width: 575px)\" sizes=\"(max-width: 535px) 535px\" srcset=\"https:\/\/www.zafertanktasima.com\/wp-content\/uploads\/mistakes-1-640x800.jpg 535w\"><source media=\"(max-width: 991px)\" sizes=\"(max-width: 951px) 951px\" srcset=\"https:\/\/www.zafertanktasima.com\/wp-content\/uploads\/mistakes-1-480x600.jpg 951w\"><img decoding=\"async\" alt=\"Tank Container Transportation\" title=\"Tank Container Transportation\" src=\"https:\/\/www.zafertanktasima.com\/wp-content\/uploads\/mistakes-1-480x600.jpg\" class=\"attachment-industrium_post_grid_4_columns size-industrium_post_grid_4_columns wp-post-image\" \/><\/picture><\/a><\/div><div class=\"post-meta-header\"><div class=\"post-meta-item post-meta-item-date\"><a href=\"https:\/\/www.zafertanktasima.com\/tr\/2023\/11\/08\/\"><span class=\"post-meta-item-day\">08<\/span><span class=\"post-meta-item-month-year\">Kas '23<\/span><\/a><\/div><\/div><div class=\"post-labels\"><div class=\"post-categories\"><a class=\"post-category-item\" href=\"https:\/\/www.zafertanktasima.com\/tr\/category\/tank-konteyner-tasimaciligi\/\">Tank Konteyner Ta\u015f\u0131mac\u0131l\u0131\u011f\u0131<\/a><\/div><\/div><h5 class=\"post-title\"><a href=\"https:\/\/www.zafertanktasima.com\/tr\/sivi-kimyasallarin-tasinmasi-neden-daha-fazla-dikkat-ve-uzmanlik-gerektirir\/\">S\u0131v\u0131 kimyasallar\u0131n ta\u015f\u0131nmas\u0131 neden daha fazla dikkat ve uzmanl\u0131k gerektirir?<\/a><\/h5>    <\/div>\n<\/div>\n<div class=\"standard-blog-item-wrapper post grid-item grid-blog-item-wrapper post-20183 type-post status-publish format-standard has-post-thumbnail hentry category-guvenlik category-tank-konteyner-tasimaciligi\">\n    <div class=\"blog-item\">\n        <div class=\"post-media-wrapper\"><a href=\"https:\/\/www.zafertanktasima.com\/tr\/sqas-kimya-sirketlerinin-lojistik-ortaklarina-guvenmelerini-nasil-sagliyor\/\"><picture><source media=\"(max-width: 575px)\" sizes=\"(max-width: 535px) 535px\" srcset=\"https:\/\/www.zafertanktasima.com\/wp-content\/uploads\/iso-tank-container-valves-and-fittings-640x800.jpg 535w\"><source media=\"(max-width: 991px)\" sizes=\"(max-width: 951px) 951px\" srcset=\"https:\/\/www.zafertanktasima.com\/wp-content\/uploads\/iso-tank-container-valves-and-fittings-480x600.jpg 951w\"><img decoding=\"async\" alt=\"iso-tank-container-valves-and-fittings\" title=\"iso-tank-container-valves-and-fittings\" src=\"https:\/\/www.zafertanktasima.com\/wp-content\/uploads\/iso-tank-container-valves-and-fittings-480x600.jpg\" class=\"attachment-industrium_post_grid_4_columns size-industrium_post_grid_4_columns wp-post-image\" \/><\/picture><\/a><\/div><div class=\"post-meta-header\"><div class=\"post-meta-item post-meta-item-date\"><a href=\"https:\/\/www.zafertanktasima.com\/tr\/2023\/11\/08\/\"><span class=\"post-meta-item-day\">08<\/span><span class=\"post-meta-item-month-year\">Kas '23<\/span><\/a><\/div><\/div><div class=\"post-labels\"><div class=\"post-categories\"><a class=\"post-category-item\" href=\"https:\/\/www.zafertanktasima.com\/tr\/category\/guvenlik\/\">G\u00fcvenlik<\/a><a class=\"post-category-item\" href=\"https:\/\/www.zafertanktasima.com\/tr\/category\/tank-konteyner-tasimaciligi\/\">Tank Konteyner Ta\u015f\u0131mac\u0131l\u0131\u011f\u0131<\/a><\/div><\/div><h5 class=\"post-title\"><a href=\"https:\/\/www.zafertanktasima.com\/tr\/sqas-kimya-sirketlerinin-lojistik-ortaklarina-guvenmelerini-nasil-sagliyor\/\">SQAS kimya \u015firketlerinin lojistik ortaklar\u0131na g\u00fcvenmelerini nas\u0131l sa\u011flar?<\/a><\/h5>    <\/div>\n<\/div>\n<div class=\"standard-blog-item-wrapper post grid-item grid-blog-item-wrapper post-20185 type-post status-publish format-standard has-post-thumbnail hentry category-tank-konteyner-tasimaciligi\">\n    <div class=\"blog-item\">\n        <div class=\"post-media-wrapper\"><a href=\"https:\/\/www.zafertanktasima.com\/tr\/kimyasal-lojistiginde-mukemmellik-neden-sadece-bir-ideal-degil-de-bir-gerekliliktir\/\"><picture><source media=\"(max-width: 575px)\" sizes=\"(max-width: 535px) 535px\" srcset=\"https:\/\/www.zafertanktasima.com\/wp-content\/uploads\/itm_tank_07-1-copy-640x800.jpg 535w\"><source media=\"(max-width: 991px)\" sizes=\"(max-width: 951px) 951px\" srcset=\"https:\/\/www.zafertanktasima.com\/wp-content\/uploads\/itm_tank_07-1-copy-480x600.jpg 951w\"><img decoding=\"async\" alt=\"Tank Container\" title=\"Tank Container\" src=\"https:\/\/www.zafertanktasima.com\/wp-content\/uploads\/itm_tank_07-1-copy-480x600.jpg\" class=\"attachment-industrium_post_grid_4_columns size-industrium_post_grid_4_columns wp-post-image\" \/><\/picture><\/a><\/div><div class=\"post-meta-header\"><div class=\"post-meta-item post-meta-item-date\"><a href=\"https:\/\/www.zafertanktasima.com\/tr\/2023\/11\/08\/\"><span class=\"post-meta-item-day\">08<\/span><span class=\"post-meta-item-month-year\">Kas '23<\/span><\/a><\/div><\/div><div class=\"post-labels\"><div class=\"post-categories\"><a class=\"post-category-item\" href=\"https:\/\/www.zafertanktasima.com\/tr\/category\/tank-konteyner-tasimaciligi\/\">Tank Konteyner Ta\u015f\u0131mac\u0131l\u0131\u011f\u0131<\/a><\/div><\/div><h5 class=\"post-title\"><a href=\"https:\/\/www.zafertanktasima.com\/tr\/kimyasal-lojistiginde-mukemmellik-neden-sadece-bir-ideal-degil-de-bir-gerekliliktir\/\">Kimyasal lojisti\u011finde m\u00fckemmellik neden sadece bir ideal de\u011fil de bir gerekliliktir?<\/a><\/h5>    <\/div>\n<\/div>\n<div class=\"standard-blog-item-wrapper post grid-item grid-blog-item-wrapper post-20187 type-post status-publish format-standard has-post-thumbnail hentry category-rota-planlama category-tank-konteyner-tasimaciligi\">\n    <div class=\"blog-item\">\n        <div class=\"post-media-wrapper\"><a href=\"https:\/\/www.zafertanktasima.com\/tr\/tank-konteyner-tasimaciliginda-rota-planlamanin-onemi\/\"><picture><source media=\"(max-width: 575px)\" sizes=\"(max-width: 535px) 535px\" srcset=\"https:\/\/www.zafertanktasima.com\/wp-content\/uploads\/route-planning-min-640x800.jpg 535w\"><source media=\"(max-width: 991px)\" sizes=\"(max-width: 951px) 951px\" srcset=\"https:\/\/www.zafertanktasima.com\/wp-content\/uploads\/route-planning-min-480x600.jpg 951w\"><img decoding=\"async\" alt=\"Route Planning in Tank Container Transportation\" title=\"Route Planning in Tank Container Transportation\" src=\"https:\/\/www.zafertanktasima.com\/wp-content\/uploads\/route-planning-min-480x600.jpg\" class=\"attachment-industrium_post_grid_4_columns size-industrium_post_grid_4_columns wp-post-image\" \/><\/picture><\/a><\/div><div class=\"post-meta-header\"><div class=\"post-meta-item post-meta-item-date\"><a href=\"https:\/\/www.zafertanktasima.com\/tr\/2023\/11\/08\/\"><span class=\"post-meta-item-day\">08<\/span><span class=\"post-meta-item-month-year\">Kas '23<\/span><\/a><\/div><\/div><div class=\"post-labels\"><div class=\"post-categories\"><a class=\"post-category-item\" href=\"https:\/\/www.zafertanktasima.com\/tr\/category\/rota-planlama\/\">Rota Planlama<\/a><a class=\"post-category-item\" href=\"https:\/\/www.zafertanktasima.com\/tr\/category\/tank-konteyner-tasimaciligi\/\">Tank Konteyner Ta\u015f\u0131mac\u0131l\u0131\u011f\u0131<\/a><\/div><\/div><h5 class=\"post-title\"><a href=\"https:\/\/www.zafertanktasima.com\/tr\/tank-konteyner-tasimaciliginda-rota-planlamanin-onemi\/\">Tank konteyner ta\u015f\u0131mac\u0131l\u0131\u011f\u0131nda rota planlaman\u0131n \u00f6nemi<\/a><\/h5>    <\/div>\n<\/div>            <\/div>\n\n                    <\/div>\n        \t\t\t\t<\/div>\n\t\t\t\t<\/div>\n\t\t\t\t\t<\/div>\n\t\t<\/div>\n\t\t\t\t\t<\/div>\n\t\t<\/section>\n\t\t\t\t<\/div>","protected":false},"excerpt":{"rendered":"","protected":false},"author":1,"featured_media":0,"parent":0,"menu_order":0,"comment_status":"closed","ping_status":"closed","template":"","meta":{"om_disable_all_campaigns":false,"_monsterinsights_skip_tracking":false,"_monsterinsights_sitenote_active":false,"_monsterinsights_sitenote_note":"","_monsterinsights_sitenote_category":0,"_uf_show_specific_survey":0,"_uf_disable_surveys":false,"footnotes":""},"class_list":["post-20156","page","type-page","status-publish","hentry"],"aioseo_notices":[],"_links":{"self":[{"href":"https:\/\/www.zafertanktasima.com\/tr\/wp-json\/wp\/v2\/pages\/20156","targetHints":{"allow":["GET"]}}],"collection":[{"href":"https:\/\/www.zafertanktasima.com\/tr\/wp-json\/wp\/v2\/pages"}],"about":[{"href":"https:\/\/www.zafertanktasima.com\/tr\/wp-json\/wp\/v2\/types\/page"}],"author":[{"embeddable":true,"href":"https:\/\/www.zafertanktasima.com\/tr\/wp-json\/wp\/v2\/users\/1"}],"replies":[{"embeddable":true,"href":"https:\/\/www.zafertanktasima.com\/tr\/wp-json\/wp\/v2\/comments?post=20156"}],"version-history":[{"count":5,"href":"https:\/\/www.zafertanktasima.com\/tr\/wp-json\/wp\/v2\/pages\/20156\/revisions"}],"predecessor-version":[{"id":20161,"href":"https:\/\/www.zafertanktasima.com\/tr\/wp-json\/wp\/v2\/pages\/20156\/revisions\/20161"}],"wp:attachment":[{"href":"https:\/\/www.zafertanktasima.com\/tr\/wp-json\/wp\/v2\/media?parent=20156"}],"curies":[{"name":"wp","href":"https:\/\/api.w.org\/{rel}","templated":true}]}}