{"id":20144,"date":"2022-07-22T20:17:26","date_gmt":"2022-07-22T20:17:26","guid":{"rendered":"https:\/\/www.zafertanktasima.com\/?page_id=20144"},"modified":"2023-12-01T13:23:00","modified_gmt":"2023-12-01T13:23:00","slug":"surdurulebilirlik","status":"publish","type":"page","link":"https:\/\/www.zafertanktasima.com\/tr\/surdurulebilirlik\/","title":{"rendered":"S\u00fcrd\u00fcr\u00fclebilirlik"},"content":{"rendered":"<div data-elementor-type=\"wp-page\" data-elementor-id=\"20144\" class=\"elementor elementor-20144\" data-elementor-post-type=\"page\">\n\t\t\t\t\t\t<section data-parallax=\"scroll\" class=\"elementor-section elementor-top-section elementor-element elementor-element-2f7fe8ef elementor-section-height-min-height elementor-section-full_width elementor-section-stretched elementor-section-container-padding-remove elementor-section-height-default elementor-section-items-middle\" data-id=\"2f7fe8ef\" data-element_type=\"section\" id=\"international-standards\" data-settings=\"{&quot;background_background&quot;:&quot;classic&quot;,&quot;stretch_section&quot;:&quot;section-stretched&quot;}\">\n\t\t\t\t\t\t<div class=\"elementor-container elementor-column-gap-default\">\n\t\t\t\t\t<div class=\"elementor-column elementor-col-100 elementor-top-column elementor-element elementor-element-6fc33c1c\" data-id=\"6fc33c1c\" data-element_type=\"column\">\n\t\t\t<div class=\"elementor-widget-wrap\">\n\t\t\t\t\t\t\t<\/div>\n\t\t<\/div>\n\t\t\t\t\t<\/div>\n\t\t<\/section>\n\t\t\t\t<section data-parallax=\"scroll\" class=\"elementor-section elementor-top-section elementor-element elementor-element-2c325de elementor-section-height-min-height elementor-section-stretched elementor-section-container-padding-remove elementor-section-boxed elementor-section-height-default elementor-section-items-middle\" data-id=\"2c325de\" data-element_type=\"section\" data-settings=\"{&quot;background_background&quot;:&quot;classic&quot;,&quot;stretch_section&quot;:&quot;section-stretched&quot;}\">\n\t\t\t\t\t\t<div class=\"elementor-container elementor-column-gap-default\">\n\t\t\t\t\t<div class=\"elementor-column elementor-col-100 elementor-top-column elementor-element elementor-element-6a79d7e\" data-id=\"6a79d7e\" data-element_type=\"column\">\n\t\t\t<div class=\"elementor-widget-wrap elementor-element-populated\">\n\t\t\t\t\t\t<section class=\"elementor-section elementor-inner-section elementor-element elementor-element-6ae55e5 elementor-section-height-min-height elementor-section-content-top elementor-section-boxed elementor-section-height-default\" data-id=\"6ae55e5\" data-element_type=\"section\" data-settings=\"{&quot;background_background&quot;:&quot;classic&quot;}\">\n\t\t\t\t\t\t<div class=\"elementor-container elementor-column-gap-wider\">\n\t\t\t\t\t<div class=\"elementor-column elementor-col-50 elementor-inner-column elementor-element elementor-element-a57bf94\" data-id=\"a57bf94\" data-element_type=\"column\">\n\t\t\t<div class=\"elementor-widget-wrap elementor-element-populated\">\n\t\t\t\t\t\t<div class=\"elementor-element elementor-element-a15f496 elementor-widget elementor-widget-industrium_heading\" data-id=\"a15f496\" data-element_type=\"widget\" data-widget_type=\"industrium_heading.default\">\n\t\t\t\t<div class=\"elementor-widget-container\">\n\t\t\t\t\t<div class=\"industrium-heading-widget\"><h2 class=\"industrium-heading\"><span class=\"industrium-subheading no-dot\">S\u00fcrd\u00fcr\u00fclebilirlik<\/span><span class=\"industrium-heading-content\"><span><strong>Gezegenemizi\u00a0nas\u0131l koruyup g\u00f6zetece\u011fimizi<\/strong> biliyoruz<\/span><!-- notionvc: 52b55013-7c84-4597-b6b7-3ab2b1df04f6 --><br \/><!-- notionvc: 3ae8fce5-c6f7-4d11-864b-8272b26a9ab5 --><\/span><\/h2><\/div>\t\t\t\t<\/div>\n\t\t\t\t<\/div>\n\t\t\t\t\t<\/div>\n\t\t<\/div>\n\t\t\t\t<div class=\"elementor-column elementor-col-50 elementor-inner-column elementor-element elementor-element-5145453\" data-id=\"5145453\" data-element_type=\"column\">\n\t\t\t<div class=\"elementor-widget-wrap elementor-element-populated\">\n\t\t\t\t\t\t<div class=\"elementor-element elementor-element-032b430 elementor-widget elementor-widget-text-editor\" data-id=\"032b430\" data-element_type=\"widget\" data-widget_type=\"text-editor.default\">\n\t\t\t\t<div class=\"elementor-widget-container\">\n\t\t\t\t\t\t\t\t\t<p><span class=\"notion-enable-hover\" data-token-index=\"0\">\u00c7evresel sorunlar\u0131n giderek artan tehditler olu\u015fturdu\u011fu bir d\u00fcnyada, s\u00fcrd\u00fcr\u00fclebilirlik sadece i\u015fimizde m\u00fckemmelle\u015fmekle ilgili de\u011fil; ayn\u0131 zamanda faaliyetlerimizi nas\u0131l y\u00fcr\u00fctt\u00fc\u011f\u00fcm\u00fczle de ilgilidir. Zafer Tank olarak, s\u00fcrd\u00fcr\u00fclebilirli\u011fin yaln\u0131zca \u00e7evreye kar\u015f\u0131 bir sorumluluk de\u011fil, ayn\u0131 zamanda m\u00fc\u015fterilerimizin de\u011fi\u015fen ihtiya\u00e7lar\u0131n\u0131 kar\u015f\u0131laman\u0131n da hayati bir y\u00f6n\u00fc oldu\u011funu biliyoruz.<\/span><!-- notionvc: bc59b489-8d31-40f5-8888-5a25e5837ecb --><\/p>\t\t\t\t\t\t\t\t<\/div>\n\t\t\t\t<\/div>\n\t\t\t\t<div class=\"elementor-element elementor-element-6141658 elementor-widget elementor-widget-text-editor\" data-id=\"6141658\" data-element_type=\"widget\" data-widget_type=\"text-editor.default\">\n\t\t\t\t<div class=\"elementor-widget-container\">\n\t\t\t\t\t\t\t\t\t<p>S\u00fcrd\u00fcr\u00fclebilirlik talebi t\u00fcm sekt\u00f6rlerde artarken, tank konteyner ta\u015f\u0131mac\u0131l\u0131\u011f\u0131nda de\u011fi\u015fim ihtiyac\u0131n\u0131n fark\u0131nday\u0131z. Yak\u0131t t\u00fcketimini izlemek, rotalar\u0131 optimize etmek ve bo\u015fta kalma s\u00fcrelerini en aza indirmek i\u00e7in <strong><span class=\"notion-enable-hover\" data-token-index=\"1\">karbon ayak izimizi azaltmaya ve en son teknolojilere yat\u0131r\u0131m yapmaya<\/span><\/strong> kararl\u0131y\u0131z. Ayr\u0131ca <span class=\"notion-enable-hover\" data-token-index=\"3\">at\u0131klar\u0131 azaltmak ve \u00e7evresel etkimizi en aza indirmek<\/span> i\u00e7in geri d\u00f6n\u00fc\u015f\u00fcm programlar\u0131 uyguluyoruz.<!-- notionvc: 5a3db113-d2d4-4c1f-9a8a-4216ef5bd566 --><\/p>\t\t\t\t\t\t\t\t<\/div>\n\t\t\t\t<\/div>\n\t\t\t\t<div class=\"elementor-element elementor-element-39f3858 elementor-widget elementor-widget-industrium_heading\" data-id=\"39f3858\" data-element_type=\"widget\" data-widget_type=\"industrium_heading.default\">\n\t\t\t\t<div class=\"elementor-widget-container\">\n\t\t\t\t\t<div class=\"industrium-heading-widget\"><h4 class=\"industrium-heading\"><span class=\"industrium-heading-content\"><span>S\u00fcrd\u00fcr\u00fclebilir Lojistik Uygulamalar\u0131<\/span><!-- notionvc: 3853f35c-2898-41f4-bae3-5d50a85e7cfd --><br \/><!-- notionvc: aef33a73-96b5-42e5-ac2f-a73bf6fdfb7d --><\/span><\/h4><\/div>\t\t\t\t<\/div>\n\t\t\t\t<\/div>\n\t\t\t\t<div class=\"elementor-element elementor-element-65c9908 elementor-widget elementor-widget-text-editor\" data-id=\"65c9908\" data-element_type=\"widget\" data-widget_type=\"text-editor.default\">\n\t\t\t\t<div class=\"elementor-widget-container\">\n\t\t\t\t\t\t\t\t\t<p>Sekt\u00f6r\u00fcm\u00fczde s\u00fcrd\u00fcr\u00fclebilirli\u011fin \u00f6neminin son derece fark\u0131nda oldu\u011fumuzdan, kendimizi <strong>\u00e7evresel ayak izimizi azaltmak i\u00e7in yenilik\u00e7i malzemelere yat\u0131r\u0131m yapmaya, alternatif enerji kaynaklar\u0131n\u0131 ke\u015ffetmeye<\/strong> ve <span class=\"notion-enable-hover\" data-token-index=\"1\">s\u00fcrd\u00fcr\u00fclebilir lojistik uygulamalar\u0131n\u0131<\/span> benimsemeye adad\u0131k.<!-- notionvc: 62524fea-e549-4cd1-81e1-d7592ff5e8ad --><\/p>\t\t\t\t\t\t\t\t<\/div>\n\t\t\t\t<\/div>\n\t\t\t\t<div class=\"elementor-element elementor-element-abfba5b elementor-widget elementor-widget-industrium_heading\" data-id=\"abfba5b\" data-element_type=\"widget\" data-widget_type=\"industrium_heading.default\">\n\t\t\t\t<div class=\"elementor-widget-container\">\n\t\t\t\t\t<div class=\"industrium-heading-widget\"><h4 class=\"industrium-heading\"><span class=\"industrium-heading-content\"><span>Uluslararas\u0131 Standartlar<\/span><!-- notionvc: 4da6796f-b4d7-4675-99e9-c54c5ccad761 --><br \/><!-- notionvc: aef33a73-96b5-42e5-ac2f-a73bf6fdfb7d --><\/span><\/h4><\/div>\t\t\t\t<\/div>\n\t\t\t\t<\/div>\n\t\t\t\t<div class=\"elementor-element elementor-element-39bce2e elementor-widget elementor-widget-text-editor\" data-id=\"39bce2e\" data-element_type=\"widget\" data-widget_type=\"text-editor.default\">\n\t\t\t\t<div class=\"elementor-widget-container\">\n\t\t\t\t\t\t\t\t\t<p>Faaliyetlerimizi \u00e7al\u0131\u015fanlar\u0131m\u0131z ve \u00e7evre i\u00e7in g\u00fcvenli bir \u015fekilde y\u00fcr\u00fctmek i\u00e7in kapsaml\u0131 \u00f6nlemler ald\u0131k. T\u00fcm s\u00fcre\u00e7lerimizin ve faaliyetlerimizin T\u00dcV S\u00dcD ve SGS gibi uluslararas\u0131 denetim firmalar\u0131 taraf\u0131ndan <strong>ISO 9001 (Kalite), ISO 14001 (\u00c7evre) ve ISO 45001 (\u0130\u015f Sa\u011fl\u0131\u011f\u0131 ve G\u00fcvenli\u011fi)<\/strong> y\u00f6netim sistemleri kapsam\u0131nda incelemesi ve onaylamas\u0131yla, \u00e7abalar\u0131m\u0131z\u0131 uluslararas\u0131 standartlarla destekliyoruz.<\/p><p>S\u00fcrd\u00fcr\u00fclebilir Kalite De\u011ferlendirme Sistemi (SQAS) denetimini ba\u015far\u0131yla tamamlamam\u0131z da d\u00fcnya \u00e7ap\u0131nda kimya sekt\u00f6r\u00fcnde s\u00fcrd\u00fcr\u00fclebilirli\u011fe olan ba\u011fl\u0131l\u0131\u011f\u0131m\u0131z\u0131 g\u00f6stermektedir.<\/p><p><!-- notionvc: 99e30ca3-f700-4d20-916c-a321fa5f3384 --><\/p>\t\t\t\t\t\t\t\t<\/div>\n\t\t\t\t<\/div>\n\t\t\t\t<div class=\"elementor-element elementor-element-8f28c4e elementor-widget elementor-widget-image\" data-id=\"8f28c4e\" data-element_type=\"widget\" data-widget_type=\"image.default\">\n\t\t\t\t<div class=\"elementor-widget-container\">\n\t\t\t\t\t\t\t\t\t\t\t\t\t\t\t<img decoding=\"async\" src=\"https:\/\/www.zafertanktasima.com\/wp-content\/uploads\/elementor\/thumbs\/certificate-logos-qf11x8abt3wu0nax7x6b1o7rtj5mndvkvqshq1scfs.png\" title=\"Certificate Logos\" alt=\"Certificate Logos\" loading=\"lazy\" \/>\t\t\t\t\t\t\t\t\t\t\t\t\t\t\t<\/div>\n\t\t\t\t<\/div>\n\t\t\t\t\t<\/div>\n\t\t<\/div>\n\t\t\t\t\t<\/div>\n\t\t<\/section>\n\t\t\t\t\t<\/div>\n\t\t<\/div>\n\t\t\t\t\t<\/div>\n\t\t<\/section>\n\t\t\t\t<section data-parallax=\"scroll\" class=\"elementor-section elementor-top-section elementor-element elementor-element-713a04a elementor-section-height-min-height elementor-section-stretched elementor-section-container-padding-remove elementor-section-boxed elementor-section-height-default elementor-section-items-middle\" data-id=\"713a04a\" data-element_type=\"section\" id=\"risk-management\" data-settings=\"{&quot;background_background&quot;:&quot;classic&quot;,&quot;stretch_section&quot;:&quot;section-stretched&quot;}\">\n\t\t\t\t\t\t<div class=\"elementor-container elementor-column-gap-default\">\n\t\t\t\t\t<div class=\"elementor-column elementor-col-100 elementor-top-column elementor-element elementor-element-fbc66b6\" data-id=\"fbc66b6\" data-element_type=\"column\">\n\t\t\t<div class=\"elementor-widget-wrap elementor-element-populated\">\n\t\t\t\t\t\t<section class=\"elementor-section elementor-inner-section elementor-element elementor-element-39ec5f6 elementor-section-height-min-height elementor-section-content-top elementor-section-boxed elementor-section-height-default\" data-id=\"39ec5f6\" data-element_type=\"section\" data-settings=\"{&quot;background_background&quot;:&quot;classic&quot;}\">\n\t\t\t\t\t\t<div class=\"elementor-container elementor-column-gap-wider\">\n\t\t\t\t\t<div class=\"elementor-column elementor-col-50 elementor-inner-column elementor-element elementor-element-4845c91\" data-id=\"4845c91\" data-element_type=\"column\">\n\t\t\t<div class=\"elementor-widget-wrap elementor-element-populated\">\n\t\t\t\t\t\t<div class=\"elementor-element elementor-element-cb76537 elementor-widget elementor-widget-industrium_heading\" data-id=\"cb76537\" data-element_type=\"widget\" data-widget_type=\"industrium_heading.default\">\n\t\t\t\t<div class=\"elementor-widget-container\">\n\t\t\t\t\t<div class=\"industrium-heading-widget\"><h2 class=\"industrium-heading\"><span class=\"industrium-heading-content\">S\u00fcrd\u00fcr\u00fclebilirlik konusunda <strong>att\u0131\u011f\u0131m\u0131z ad\u0131mlar<\/strong><!-- notionvc: 011ef232-3685-42f0-a11c-9024c2f23da5 --><br \/><!-- notionvc: 7cc6bfbc-97d7-42a1-9cb0-50cf0d3f6301 --><\/span><\/h2><\/div>\t\t\t\t<\/div>\n\t\t\t\t<\/div>\n\t\t\t\t\t<\/div>\n\t\t<\/div>\n\t\t\t\t<div class=\"elementor-column elementor-col-50 elementor-inner-column elementor-element elementor-element-fde942f\" data-id=\"fde942f\" data-element_type=\"column\">\n\t\t\t<div class=\"elementor-widget-wrap elementor-element-populated\">\n\t\t\t\t\t\t<div class=\"elementor-element elementor-element-00b3f86 elementor-widget elementor-widget-text-editor\" data-id=\"00b3f86\" data-element_type=\"widget\" data-widget_type=\"text-editor.default\">\n\t\t\t\t<div class=\"elementor-widget-container\">\n\t\t\t\t\t\t\t\t\tBa\u015fta yak\u0131t t\u00fcketimi, elektrik, su ve do\u011fal gaz olmak \u00fczere <strong>d\u00fc\u015f\u00fck t\u00fcketim oranlar\u0131na<\/strong> ula\u015fmaya \u00e7al\u0131\u015f\u0131yor ve bu alanlarda iyile\u015ftirmeleri te\u015fvik ediyoruz. Mevcut performans\u0131 izlemek ve zaman i\u00e7indeki geli\u015fmeleri takip etmek i\u00e7in <strong>yak\u0131t t\u00fcketimi performans\u0131na ili\u015fkin verileri d\u00fczenli olarak topluyor ve raporluyoruz.<\/strong>\n\nYak\u0131t t\u00fcketimini ve buna ba\u011fl\u0131 egzoz emisyonlar\u0131n\u0131 azaltmak i\u00e7in <strong>tesislerimizde ve ara\u00e7lar\u0131m\u0131zda kaynak verimlili\u011fini<\/strong> art\u0131racak \u00f6nlemler al\u0131yor, ad\u0131mlar at\u0131yoruz.\n\nPersonelimizin <strong>\u00e7evre dostu bir zihniyetle<\/strong> \u00e7al\u0131\u015fmas\u0131n\u0131 sa\u011fl\u0131yor, <strong>enerji tasarrufu konusundaki bilgi ve fark\u0131ndal\u0131klar\u0131n\u0131<\/strong> te\u015fvik ediyor ve geli\u015ftiriyoruz. \u00c7al\u0131\u015fanlar\u0131m\u0131z\u0131 \u00e7evrenin korunmas\u0131 ve enerji verimlili\u011fi i\u00e7in \u00f6nerilerde bulunmaya te\u015fvik ediyoruz.\n\n\u00c7evre mevzuat\u0131n\u0131 ve g\u00fcncellemeleri yak\u0131ndan takip ediyor, bilgimizi art\u0131r\u0131yor ve <strong>yasal gereklilikleri \u015firket i\u00e7i uygulamalar\u0131m\u0131za dahil ediyor<\/strong>, b\u00f6ylece operasyonlar\u0131m\u0131zda uyumlulu\u011fu sa\u011fl\u0131yoruz.\n\nZafer Tank&#8217;ta s\u00fcrd\u00fcr\u00fclebilirlik de\u011ferlerimize i\u015flemi\u015ftir ve kararlar\u0131m\u0131z\u0131 \u015fekillendirmektedir. \u00c7evreye duyarl\u0131 uygulamalar\u0131 s\u00fcrd\u00fcrmeye, <strong>gezegenimizi korumaya ve m\u00fc\u015fterilerimize s\u00fcrd\u00fcr\u00fclebilir tank konteyner ta\u015f\u0131mac\u0131l\u0131\u011f\u0131<\/strong> \u00e7\u00f6z\u00fcmleri sunmaya kararl\u0131y\u0131z.\t\t\t\t\t\t\t\t<\/div>\n\t\t\t\t<\/div>\n\t\t\t\t\t<\/div>\n\t\t<\/div>\n\t\t\t\t\t<\/div>\n\t\t<\/section>\n\t\t\t\t\t<\/div>\n\t\t<\/div>\n\t\t\t\t\t<\/div>\n\t\t<\/section>\n\t\t\t\t<\/div>","protected":false},"excerpt":{"rendered":"<p>\u00c7evresel sorunlar\u0131n giderek artan tehditler olu\u015fturdu\u011fu bir d\u00fcnyada, s\u00fcrd\u00fcr\u00fclebilirlik sadece i\u015fimizde m\u00fckemmelle\u015fmekle ilgili de\u011fil; ayn\u0131 zamanda faaliyetlerimizi nas\u0131l y\u00fcr\u00fctt\u00fc\u011f\u00fcm\u00fczle de ilgilidir. Zafer Tank olarak, s\u00fcrd\u00fcr\u00fclebilirli\u011fin yaln\u0131zca \u00e7evreye kar\u015f\u0131 bir sorumluluk de\u011fil, ayn\u0131 zamanda m\u00fc\u015fterilerimizin de\u011fi\u015fen ihtiya\u00e7lar\u0131n\u0131 kar\u015f\u0131laman\u0131n da hayati bir y\u00f6n\u00fc&#8230;<\/p>","protected":false},"author":1,"featured_media":0,"parent":0,"menu_order":0,"comment_status":"closed","ping_status":"closed","template":"","meta":{"om_disable_all_campaigns":false,"_monsterinsights_skip_tracking":false,"_monsterinsights_sitenote_active":false,"_monsterinsights_sitenote_note":"","_monsterinsights_sitenote_category":0,"_uf_show_specific_survey":0,"_uf_disable_surveys":false,"footnotes":""},"class_list":["post-20144","page","type-page","status-publish","hentry"],"aioseo_notices":[],"_links":{"self":[{"href":"https:\/\/www.zafertanktasima.com\/tr\/wp-json\/wp\/v2\/pages\/20144","targetHints":{"allow":["GET"]}}],"collection":[{"href":"https:\/\/www.zafertanktasima.com\/tr\/wp-json\/wp\/v2\/pages"}],"about":[{"href":"https:\/\/www.zafertanktasima.com\/tr\/wp-json\/wp\/v2\/types\/page"}],"author":[{"embeddable":true,"href":"https:\/\/www.zafertanktasima.com\/tr\/wp-json\/wp\/v2\/users\/1"}],"replies":[{"embeddable":true,"href":"https:\/\/www.zafertanktasima.com\/tr\/wp-json\/wp\/v2\/comments?post=20144"}],"version-history":[{"count":5,"href":"https:\/\/www.zafertanktasima.com\/tr\/wp-json\/wp\/v2\/pages\/20144\/revisions"}],"predecessor-version":[{"id":20149,"href":"https:\/\/www.zafertanktasima.com\/tr\/wp-json\/wp\/v2\/pages\/20144\/revisions\/20149"}],"wp:attachment":[{"href":"https:\/\/www.zafertanktasima.com\/tr\/wp-json\/wp\/v2\/media?parent=20144"}],"curies":[{"name":"wp","href":"https:\/\/api.w.org\/{rel}","templated":true}]}}