{"id":20134,"date":"2022-07-22T20:17:26","date_gmt":"2022-07-22T20:17:26","guid":{"rendered":"https:\/\/www.zafertanktasima.com\/?page_id=20134"},"modified":"2024-03-08T11:00:52","modified_gmt":"2024-03-08T11:00:52","slug":"guvenlik","status":"publish","type":"page","link":"https:\/\/www.zafertanktasima.com\/tr\/guvenlik\/","title":{"rendered":"G\u00fcvenlik"},"content":{"rendered":"<div data-elementor-type=\"wp-page\" data-elementor-id=\"20134\" class=\"elementor elementor-20134\" data-elementor-post-type=\"page\">\n\t\t\t\t\t\t<section data-parallax=\"scroll\" class=\"elementor-section elementor-top-section elementor-element elementor-element-2f7fe8ef elementor-section-height-min-height elementor-section-full_width elementor-section-stretched elementor-section-container-padding-remove elementor-section-height-default elementor-section-items-middle\" data-id=\"2f7fe8ef\" data-element_type=\"section\" id=\"international-standards\" data-settings=\"{&quot;background_background&quot;:&quot;classic&quot;,&quot;stretch_section&quot;:&quot;section-stretched&quot;}\">\n\t\t\t\t\t\t<div class=\"elementor-container elementor-column-gap-default\">\n\t\t\t\t\t<div class=\"elementor-column elementor-col-100 elementor-top-column elementor-element elementor-element-6fc33c1c\" data-id=\"6fc33c1c\" data-element_type=\"column\">\n\t\t\t<div class=\"elementor-widget-wrap\">\n\t\t\t\t\t\t\t<\/div>\n\t\t<\/div>\n\t\t\t\t\t<\/div>\n\t\t<\/section>\n\t\t\t\t<section data-parallax=\"scroll\" class=\"elementor-section elementor-top-section elementor-element elementor-element-2c325de elementor-section-height-min-height elementor-section-stretched elementor-section-container-padding-remove elementor-section-boxed elementor-section-height-default elementor-section-items-middle\" data-id=\"2c325de\" data-element_type=\"section\" data-settings=\"{&quot;background_background&quot;:&quot;classic&quot;,&quot;stretch_section&quot;:&quot;section-stretched&quot;}\">\n\t\t\t\t\t\t<div class=\"elementor-container elementor-column-gap-default\">\n\t\t\t\t\t<div class=\"elementor-column elementor-col-100 elementor-top-column elementor-element elementor-element-6a79d7e\" data-id=\"6a79d7e\" data-element_type=\"column\">\n\t\t\t<div class=\"elementor-widget-wrap elementor-element-populated\">\n\t\t\t\t\t\t<section class=\"elementor-section elementor-inner-section elementor-element elementor-element-6ae55e5 elementor-section-height-min-height elementor-section-content-top elementor-section-boxed elementor-section-height-default\" data-id=\"6ae55e5\" data-element_type=\"section\" data-settings=\"{&quot;background_background&quot;:&quot;classic&quot;}\">\n\t\t\t\t\t\t<div class=\"elementor-container elementor-column-gap-wider\">\n\t\t\t\t\t<div class=\"elementor-column elementor-col-50 elementor-inner-column elementor-element elementor-element-a57bf94\" data-id=\"a57bf94\" data-element_type=\"column\">\n\t\t\t<div class=\"elementor-widget-wrap elementor-element-populated\">\n\t\t\t\t\t\t<div class=\"elementor-element elementor-element-a15f496 elementor-widget elementor-widget-industrium_heading\" data-id=\"a15f496\" data-element_type=\"widget\" data-widget_type=\"industrium_heading.default\">\n\t\t\t\t<div class=\"elementor-widget-container\">\n\t\t\t\t\t<div class=\"industrium-heading-widget\"><h2 class=\"industrium-heading\"><span class=\"industrium-subheading no-dot\">Uyumluluk<\/span><span class=\"industrium-heading-content\"><strong>Uluslararas\u0131 y\u00f6netmeliklere ve standartlara tam uyum ile<\/strong> g\u00fcvenli\u011fi garanti alt\u0131na al\u0131yoruz<!-- notionvc: 6bd1c6d4-d919-4ad8-aad2-033ef4d7a32b --><br \/><!-- notionvc: 7cc6bfbc-97d7-42a1-9cb0-50cf0d3f6301 --><\/span><\/h2><\/div>\t\t\t\t<\/div>\n\t\t\t\t<\/div>\n\t\t\t\t\t<\/div>\n\t\t<\/div>\n\t\t\t\t<div class=\"elementor-column elementor-col-50 elementor-inner-column elementor-element elementor-element-5145453\" data-id=\"5145453\" data-element_type=\"column\">\n\t\t\t<div class=\"elementor-widget-wrap elementor-element-populated\">\n\t\t\t\t\t\t<div class=\"elementor-element elementor-element-032b430 elementor-widget elementor-widget-text-editor\" data-id=\"032b430\" data-element_type=\"widget\" data-widget_type=\"text-editor.default\">\n\t\t\t\t<div class=\"elementor-widget-container\">\n\t\t\t\t\t\t\t\t\t<p>S\u0131v\u0131 kimyasallar\u0131n ta\u015f\u0131nmas\u0131nda uzmanla\u015fm\u0131\u015f bir tank konteyner ta\u015f\u0131mac\u0131l\u0131\u011f\u0131 \u015firketi olarak bizim i\u00e7in g\u00fcvenlik sadece bir \u00f6ncelik de\u011fil, i\u015fimizin temelidir.<!-- notionvc: 88af10e5-a0cc-43cc-bdcb-2b647eeae6f7 --><br \/><!-- notionvc: 4fb91a29-77b3-45bf-917e-38557c1823da --><\/p>\t\t\t\t\t\t\t\t<\/div>\n\t\t\t\t<\/div>\n\t\t\t\t<div class=\"elementor-element elementor-element-6141658 elementor-widget elementor-widget-text-editor\" data-id=\"6141658\" data-element_type=\"widget\" data-widget_type=\"text-editor.default\">\n\t\t\t\t<div class=\"elementor-widget-container\">\n\t\t\t\t\t\t\t\t\t<p>\u00c7o\u011funlukla tehlikeli mallar ta\u015f\u0131d\u0131\u011f\u0131m\u0131zdan, <strong>g\u00fcvenli\u011fe olan s\u0131k\u0131 ba\u011fl\u0131l\u0131\u011f\u0131m\u0131z operasyonlar\u0131m\u0131z\u0131n her y\u00f6n\u00fcne derinlemesine yerle\u015fmi\u015ftir<\/strong> ve bu da bizi geleneksel lojistikten ay\u0131ran en \u00f6nemli hususlardan biridir.<\/p><p>Zafer Tank olarak, s\u0131v\u0131 kimyasallar\u0131n g\u00fcvenli bir \u015fekilde ta\u015f\u0131nmas\u0131n\u0131 garanti alt\u0131na almak i\u00e7in her zaman uluslararas\u0131 kabul g\u00f6rm\u00fc\u015f standartlara ve d\u00fczenlemelere s\u0131k\u0131 bir uyum ile \u00e7al\u0131\u015f\u0131yoruz. Bu \u00f6nlemleri uygulayarak beklenmedik kaza risklerini azalt\u0131yor, insanlar\u0131 ve \u00e7evreyi koruyor ve t\u00fcm ta\u015f\u0131ma s\u00fcreci boyunca <strong>en y\u00fcksek kalite, g\u00fcvenlik ve \u00e7evresel performans<\/strong> standartlar\u0131n\u0131 s\u00fcrd\u00fcr\u00fcyoruz, ve elbette bu sayede m\u00fc\u015fterilerimize de g\u00f6n\u00fcl rahatl\u0131\u011f\u0131 sa\u011fl\u0131yoruz.<\/p><p><!-- notionvc: 7a2f4fa3-12eb-471f-952f-88b673a3b3b0 --><\/p>\t\t\t\t\t\t\t\t<\/div>\n\t\t\t\t<\/div>\n\t\t\t\t<div class=\"elementor-element elementor-element-880f7a2 safety-list elementor-widget elementor-widget-text-editor\" data-id=\"880f7a2\" data-element_type=\"widget\" data-widget_type=\"text-editor.default\">\n\t\t\t\t<div class=\"elementor-widget-container\">\n\t\t\t\t\t\t\t\t\t<ul style=\"line-height: 34px;\"><li>ADR uyumlu \u00f6zmal ara\u00e7lardan olu\u015fan bir filo<\/li><li>SRC 5 ehliyetine sahip ve tehlikeli madde ta\u015f\u0131mac\u0131l\u0131\u011f\u0131 konusunda uzman s\u00fcr\u00fcc\u00fcler<\/li><li>ADR (s\u0131n\u0131f 2, 3, 4, 5, 6, 8 ve 9) kapsam\u0131ndaki tehlikeli mallar\u0131n g\u00fcvenli bir \u015fekilde ta\u015f\u0131nmas\u0131n\u0131 sa\u011flamak i\u00e7in ekipman ve know-how<\/li><li>Y\u00fcklenici s\u0131fat\u0131yla ICMC Tedarik Zinciri Denetimi onay\u0131<\/li><\/ul>\t\t\t\t\t\t\t\t<\/div>\n\t\t\t\t<\/div>\n\t\t\t\t<div class=\"elementor-element elementor-element-8f28c4e elementor-widget elementor-widget-image\" data-id=\"8f28c4e\" data-element_type=\"widget\" data-widget_type=\"image.default\">\n\t\t\t\t<div class=\"elementor-widget-container\">\n\t\t\t\t\t\t\t\t\t\t\t\t\t\t\t<img fetchpriority=\"high\" decoding=\"async\" width=\"850\" height=\"106\" src=\"https:\/\/www.zafertanktasima.com\/wp-content\/uploads\/international-certifications.png\" class=\"attachment-full size-full wp-image-20424\" alt=\"Zafer Tank International Certifications\" srcset=\"https:\/\/www.zafertanktasima.com\/wp-content\/uploads\/international-certifications.png 850w, https:\/\/www.zafertanktasima.com\/wp-content\/uploads\/international-certifications-300x37.png 300w, https:\/\/www.zafertanktasima.com\/wp-content\/uploads\/international-certifications-768x96.png 768w, https:\/\/www.zafertanktasima.com\/wp-content\/uploads\/international-certifications-18x2.png 18w\" sizes=\"(max-width: 850px) 100vw, 850px\" \/>\t\t\t\t\t\t\t\t\t\t\t\t\t\t\t<\/div>\n\t\t\t\t<\/div>\n\t\t\t\t<div class=\"elementor-element elementor-element-712b522 elementor-widget elementor-widget-industrium_button\" data-id=\"712b522\" data-element_type=\"widget\" data-widget_type=\"industrium_button.default\">\n\t\t\t\t<div class=\"elementor-widget-container\">\n\t\t\t\t\t\n        <div class=\"button-widget\">\n            <div class=\"button-container\">\n                <a class=\"industrium-button button-type-1\" href=\"https:\/\/www.zafertanktasima.com\/wp-content\/uploads\/Zafer-Tank-ICMC-Certificate-min.png\" target=\"_blank\">\n                    CYANIDE CODE Sertifikam\u0131z\u0131 G\u00f6r\u00fcnt\u00fclemek i\u00e7in T\u0131klay\u0131n<svg viewbox=\"0 0 13 20\"><polyline points=\"0.5 19.5 3 19.5 12.5 10 3 0.5\"><\/polyline><\/svg>                    \n                <\/a>\n            <\/div>\n        <\/div>\n        \t\t\t\t<\/div>\n\t\t\t\t<\/div>\n\t\t\t\t\t<\/div>\n\t\t<\/div>\n\t\t\t\t\t<\/div>\n\t\t<\/section>\n\t\t\t\t\t<\/div>\n\t\t<\/div>\n\t\t\t\t\t<\/div>\n\t\t<\/section>\n\t\t\t\t<section data-parallax=\"scroll\" class=\"elementor-section elementor-top-section elementor-element elementor-element-713a04a elementor-section-height-min-height elementor-section-stretched elementor-section-container-padding-remove elementor-section-boxed elementor-section-height-default elementor-section-items-middle\" data-id=\"713a04a\" data-element_type=\"section\" id=\"risk-management\" data-settings=\"{&quot;background_background&quot;:&quot;classic&quot;,&quot;stretch_section&quot;:&quot;section-stretched&quot;}\">\n\t\t\t\t\t\t<div class=\"elementor-container elementor-column-gap-default\">\n\t\t\t\t\t<div class=\"elementor-column elementor-col-100 elementor-top-column elementor-element elementor-element-fbc66b6\" data-id=\"fbc66b6\" data-element_type=\"column\">\n\t\t\t<div class=\"elementor-widget-wrap elementor-element-populated\">\n\t\t\t\t\t\t<section class=\"elementor-section elementor-inner-section elementor-element elementor-element-39ec5f6 elementor-section-height-min-height elementor-section-content-top elementor-section-boxed elementor-section-height-default\" data-id=\"39ec5f6\" data-element_type=\"section\" data-settings=\"{&quot;background_background&quot;:&quot;classic&quot;}\">\n\t\t\t\t\t\t<div class=\"elementor-container elementor-column-gap-wider\">\n\t\t\t\t\t<div class=\"elementor-column elementor-col-50 elementor-inner-column elementor-element elementor-element-4845c91\" data-id=\"4845c91\" data-element_type=\"column\">\n\t\t\t<div class=\"elementor-widget-wrap elementor-element-populated\">\n\t\t\t\t\t\t<div class=\"elementor-element elementor-element-cb76537 elementor-widget elementor-widget-industrium_heading\" data-id=\"cb76537\" data-element_type=\"widget\" data-widget_type=\"industrium_heading.default\">\n\t\t\t\t<div class=\"elementor-widget-container\">\n\t\t\t\t\t<div class=\"industrium-heading-widget\"><h2 class=\"industrium-heading\"><span class=\"industrium-subheading no-dot\">Risk Y\u00f6netimi<\/span><span class=\"industrium-heading-content\">S\u0131k\u0131 prosed\u00fcrler ve talimatlarla <strong>riskleri proaktif olarak y\u00f6netiyoruz<\/strong><!-- notionvc: 0532f6d9-7e92-427d-9064-091c2f720a4b --><br \/><!-- notionvc: 7cc6bfbc-97d7-42a1-9cb0-50cf0d3f6301 --><\/span><\/h2><\/div>\t\t\t\t<\/div>\n\t\t\t\t<\/div>\n\t\t\t\t\t<\/div>\n\t\t<\/div>\n\t\t\t\t<div class=\"elementor-column elementor-col-50 elementor-inner-column elementor-element elementor-element-fde942f\" data-id=\"fde942f\" data-element_type=\"column\">\n\t\t\t<div class=\"elementor-widget-wrap elementor-element-populated\">\n\t\t\t\t\t\t<div class=\"elementor-element elementor-element-00b3f86 elementor-widget elementor-widget-text-editor\" data-id=\"00b3f86\" data-element_type=\"widget\" data-widget_type=\"text-editor.default\">\n\t\t\t\t<div class=\"elementor-widget-container\">\n\t\t\t\t\t\t\t\t\t<p>S\u0131k\u0131 prosed\u00fcrler, ak\u0131ll\u0131 yaz\u0131l\u0131mlar ve d\u00fczenli denetimler kullanarak i\u015fimizle ilgili riskleri etkin bir \u015fekilde y\u00f6netiyoruz.<!-- notionvc: 34f403d3-a840-412b-940b-fca48474fecc --><br \/><!-- notionvc: 4fb91a29-77b3-45bf-917e-38557c1823da --><\/p>\t\t\t\t\t\t\t\t<\/div>\n\t\t\t\t<\/div>\n\t\t\t\t<div class=\"elementor-element elementor-element-b673712 safety-list elementor-widget elementor-widget-text-editor\" data-id=\"b673712\" data-element_type=\"widget\" data-widget_type=\"text-editor.default\">\n\t\t\t\t<div class=\"elementor-widget-container\">\n\t\t\t\t\t\t\t\t\t<ul style=\"line-height: 34px;\"><li>Kalk\u0131\u015f \u00d6ncesi Alkol Testleri<\/li><li>Kalk\u0131\u015f \u00d6ncesi Ara\u00e7 Muayeneleri<\/li><li>Deneyimli Escort \u015eirketi<\/li><li>Siyan\u00fcr Ta\u015f\u0131ma Prosed\u00fcr\u00fc ve Talimat\u0131<\/li><li>Yol Risk Raporu<\/li><li>Rota Risk Analizi<\/li><\/ul>\t\t\t\t\t\t\t\t<\/div>\n\t\t\t\t<\/div>\n\t\t\t\t\t<\/div>\n\t\t<\/div>\n\t\t\t\t\t<\/div>\n\t\t<\/section>\n\t\t\t\t\t<\/div>\n\t\t<\/div>\n\t\t\t\t\t<\/div>\n\t\t<\/section>\n\t\t\t\t<section data-parallax=\"scroll\" class=\"elementor-section elementor-top-section elementor-element elementor-element-f561d95 elementor-section-height-min-height elementor-section-stretched elementor-section-container-padding-remove elementor-section-boxed elementor-section-height-default elementor-section-items-middle\" data-id=\"f561d95\" data-element_type=\"section\" id=\"training\" data-settings=\"{&quot;background_background&quot;:&quot;classic&quot;,&quot;stretch_section&quot;:&quot;section-stretched&quot;}\">\n\t\t\t\t\t\t<div class=\"elementor-container elementor-column-gap-default\">\n\t\t\t\t\t<div class=\"elementor-column elementor-col-100 elementor-top-column elementor-element elementor-element-f4ce9ff\" data-id=\"f4ce9ff\" data-element_type=\"column\">\n\t\t\t<div class=\"elementor-widget-wrap elementor-element-populated\">\n\t\t\t\t\t\t<section class=\"elementor-section elementor-inner-section elementor-element elementor-element-3e31127 elementor-section-height-min-height elementor-section-content-top elementor-section-boxed elementor-section-height-default\" data-id=\"3e31127\" data-element_type=\"section\" data-settings=\"{&quot;background_background&quot;:&quot;classic&quot;}\">\n\t\t\t\t\t\t<div class=\"elementor-container elementor-column-gap-wider\">\n\t\t\t\t\t<div class=\"elementor-column elementor-col-50 elementor-inner-column elementor-element elementor-element-2b39ffc\" data-id=\"2b39ffc\" data-element_type=\"column\">\n\t\t\t<div class=\"elementor-widget-wrap elementor-element-populated\">\n\t\t\t\t\t\t<div class=\"elementor-element elementor-element-b527d74 elementor-widget elementor-widget-industrium_heading\" data-id=\"b527d74\" data-element_type=\"widget\" data-widget_type=\"industrium_heading.default\">\n\t\t\t\t<div class=\"elementor-widget-container\">\n\t\t\t\t\t<div class=\"industrium-heading-widget\"><h2 class=\"industrium-heading\"><span class=\"industrium-subheading no-dot\">E\u011fitim<\/span><span class=\"industrium-heading-content\">Nitelikli personel ve periyodik e\u011fitimlerle <strong>en y\u00fcksek standartlar\u0131n korunmas\u0131n\u0131 sa\u011fl\u0131yoruz<\/strong><!-- notionvc: d0b96d59-7b65-4c21-95c0-b62c7bc23828 --><br \/><!-- notionvc: 7cc6bfbc-97d7-42a1-9cb0-50cf0d3f6301 --><\/span><\/h2><\/div>\t\t\t\t<\/div>\n\t\t\t\t<\/div>\n\t\t\t\t\t<\/div>\n\t\t<\/div>\n\t\t\t\t<div class=\"elementor-column elementor-col-50 elementor-inner-column elementor-element elementor-element-adaad26\" data-id=\"adaad26\" data-element_type=\"column\">\n\t\t\t<div class=\"elementor-widget-wrap elementor-element-populated\">\n\t\t\t\t\t\t<div class=\"elementor-element elementor-element-1afd440 elementor-widget elementor-widget-text-editor\" data-id=\"1afd440\" data-element_type=\"widget\" data-widget_type=\"text-editor.default\">\n\t\t\t\t<div class=\"elementor-widget-container\">\n\t\t\t\t\t\t\t\t\t<p>S\u00fcrekli e\u011fitim politikam\u0131z sayesinde, tehlikeli s\u0131v\u0131 kimyasallar\u0131n ta\u015f\u0131nmas\u0131nda her zaman en y\u00fcksek hizmet standartlar\u0131n\u0131 koruyoruz.<!-- notionvc: 26ef8ab2-81c0-4287-8094-9a8c418e3fe0 --><br \/><!-- notionvc: 4fb91a29-77b3-45bf-917e-38557c1823da --><\/p>\t\t\t\t\t\t\t\t<\/div>\n\t\t\t\t<\/div>\n\t\t\t\t<div class=\"elementor-element elementor-element-8e056e7 safety-list elementor-widget elementor-widget-text-editor\" data-id=\"8e056e7\" data-element_type=\"widget\" data-widget_type=\"text-editor.default\">\n\t\t\t\t<div class=\"elementor-widget-container\">\n\t\t\t\t\t\t\t\t\t<ul style=\"line-height: 34px;\">\n \t<li>SRC 5, ADR (Genel Fark\u0131ndal\u0131k, G\u00f6reve \u00d6zel, G\u00fcvenlik E\u011fitimi)<\/li>\n \t<li>\u0130SG (Kimyasal risk fakt\u00f6rleri, psikolojik risk fakt\u00f6rleri, ergonomi, y\u00fcksekte \u00e7al\u0131\u015fma, ki\u015fisel koruyucu ekipman kullan\u0131m\u0131, yang\u0131n s\u00f6nd\u00fcr\u00fcc\u00fc kullan\u0131m\u0131 ve yang\u0131n \u00f6nleme)<\/li>\n \t<li>Davran\u0131\u015f Temelli G\u00fcvenlik ve ISOPA E\u011fitimi<\/li>\n \t<li>Siyan\u00fcr\u00fcn G\u00fcvenli Kullan\u0131m\u0131 ve Riskleri, Siyan\u00fcr MSDS E\u011fitimi<\/li>\n<\/ul>\t\t\t\t\t\t\t\t<\/div>\n\t\t\t\t<\/div>\n\t\t\t\t\t<\/div>\n\t\t<\/div>\n\t\t\t\t\t<\/div>\n\t\t<\/section>\n\t\t\t\t\t<\/div>\n\t\t<\/div>\n\t\t\t\t\t<\/div>\n\t\t<\/section>\n\t\t\t\t<\/div>","protected":false},"excerpt":{"rendered":"<p>S\u0131v\u0131 kimyasallar\u0131n ta\u015f\u0131nmas\u0131nda uzmanla\u015fm\u0131\u015f bir tank konteyner ta\u015f\u0131mac\u0131l\u0131\u011f\u0131 \u015firketi olarak bizim i\u00e7in g\u00fcvenlik sadece bir \u00f6ncelik de\u011fil, i\u015fimizin temelidir. \u00c7o\u011funlukla tehlikeli mallar ta\u015f\u0131d\u0131\u011f\u0131m\u0131zdan, g\u00fcvenli\u011fe olan s\u0131k\u0131 ba\u011fl\u0131l\u0131\u011f\u0131m\u0131z operasyonlar\u0131m\u0131z\u0131n her y\u00f6n\u00fcne derinlemesine yerle\u015fmi\u015ftir ve bu da bizi geleneksel lojistikten ay\u0131ran en \u00f6nemli&#8230;<\/p>","protected":false},"author":1,"featured_media":0,"parent":0,"menu_order":0,"comment_status":"closed","ping_status":"closed","template":"","meta":{"om_disable_all_campaigns":false,"_monsterinsights_skip_tracking":false,"_monsterinsights_sitenote_active":false,"_monsterinsights_sitenote_note":"","_monsterinsights_sitenote_category":0,"_uf_show_specific_survey":0,"_uf_disable_surveys":false,"footnotes":""},"class_list":["post-20134","page","type-page","status-publish","hentry"],"aioseo_notices":[],"_links":{"self":[{"href":"https:\/\/www.zafertanktasima.com\/tr\/wp-json\/wp\/v2\/pages\/20134","targetHints":{"allow":["GET"]}}],"collection":[{"href":"https:\/\/www.zafertanktasima.com\/tr\/wp-json\/wp\/v2\/pages"}],"about":[{"href":"https:\/\/www.zafertanktasima.com\/tr\/wp-json\/wp\/v2\/types\/page"}],"author":[{"embeddable":true,"href":"https:\/\/www.zafertanktasima.com\/tr\/wp-json\/wp\/v2\/users\/1"}],"replies":[{"embeddable":true,"href":"https:\/\/www.zafertanktasima.com\/tr\/wp-json\/wp\/v2\/comments?post=20134"}],"version-history":[{"count":10,"href":"https:\/\/www.zafertanktasima.com\/tr\/wp-json\/wp\/v2\/pages\/20134\/revisions"}],"predecessor-version":[{"id":20547,"href":"https:\/\/www.zafertanktasima.com\/tr\/wp-json\/wp\/v2\/pages\/20134\/revisions\/20547"}],"wp:attachment":[{"href":"https:\/\/www.zafertanktasima.com\/tr\/wp-json\/wp\/v2\/media?parent=20134"}],"curies":[{"name":"wp","href":"https:\/\/api.w.org\/{rel}","templated":true}]}}