{"id":20101,"date":"2022-07-22T20:17:26","date_gmt":"2022-07-22T20:17:26","guid":{"rendered":"https:\/\/www.zafertanktasima.com\/?page_id=20101"},"modified":"2024-03-08T10:58:04","modified_gmt":"2024-03-08T10:58:04","slug":"tank-konteyner-isitma","status":"publish","type":"page","link":"https:\/\/www.zafertanktasima.com\/tr\/tank-konteyner-isitma\/","title":{"rendered":"Tank Konteyner Is\u0131tma"},"content":{"rendered":"<div data-elementor-type=\"wp-page\" data-elementor-id=\"20101\" class=\"elementor elementor-20101\" data-elementor-post-type=\"page\">\n\t\t\t\t\t\t<section data-parallax=\"scroll\" class=\"elementor-section elementor-top-section elementor-element elementor-element-2f7fe8ef elementor-section-height-min-height elementor-section-full_width elementor-section-stretched elementor-section-container-padding-remove elementor-section-height-default elementor-section-items-middle\" data-id=\"2f7fe8ef\" data-element_type=\"section\" data-settings=\"{&quot;background_background&quot;:&quot;classic&quot;,&quot;stretch_section&quot;:&quot;section-stretched&quot;}\">\n\t\t\t\t\t\t<div class=\"elementor-container elementor-column-gap-default\">\n\t\t\t\t\t<div class=\"elementor-column elementor-col-100 elementor-top-column elementor-element elementor-element-6fc33c1c\" data-id=\"6fc33c1c\" data-element_type=\"column\">\n\t\t\t<div class=\"elementor-widget-wrap\">\n\t\t\t\t\t\t\t<\/div>\n\t\t<\/div>\n\t\t\t\t\t<\/div>\n\t\t<\/section>\n\t\t\t\t<section data-parallax=\"scroll\" class=\"elementor-section elementor-top-section elementor-element elementor-element-2c325de elementor-section-height-min-height elementor-section-stretched elementor-section-container-padding-remove elementor-section-boxed elementor-section-height-default elementor-section-items-middle\" data-id=\"2c325de\" data-element_type=\"section\" data-settings=\"{&quot;background_background&quot;:&quot;classic&quot;,&quot;stretch_section&quot;:&quot;section-stretched&quot;}\">\n\t\t\t\t\t\t<div class=\"elementor-container elementor-column-gap-default\">\n\t\t\t\t\t<div class=\"elementor-column elementor-col-100 elementor-top-column elementor-element elementor-element-6a79d7e\" data-id=\"6a79d7e\" data-element_type=\"column\">\n\t\t\t<div class=\"elementor-widget-wrap elementor-element-populated\">\n\t\t\t\t\t\t<section class=\"elementor-section elementor-inner-section elementor-element elementor-element-6ae55e5 elementor-section-height-min-height elementor-section-content-top elementor-section-boxed elementor-section-height-default\" data-id=\"6ae55e5\" data-element_type=\"section\" id=\"international-standards\" data-settings=\"{&quot;background_background&quot;:&quot;classic&quot;}\">\n\t\t\t\t\t\t<div class=\"elementor-container elementor-column-gap-wider\">\n\t\t\t\t\t<div class=\"elementor-column elementor-col-50 elementor-inner-column elementor-element elementor-element-a57bf94\" data-id=\"a57bf94\" data-element_type=\"column\">\n\t\t\t<div class=\"elementor-widget-wrap elementor-element-populated\">\n\t\t\t\t\t\t<div class=\"elementor-element elementor-element-a15f496 elementor-widget elementor-widget-industrium_heading\" data-id=\"a15f496\" data-element_type=\"widget\" data-widget_type=\"industrium_heading.default\">\n\t\t\t\t<div class=\"elementor-widget-container\">\n\t\t\t\t\t<div class=\"industrium-heading-widget\"><h2 class=\"industrium-heading\"><span class=\"industrium-subheading no-dot\">Tank Konteyner Is\u0131tma<\/span><span class=\"industrium-heading-content\">Son teknoloji <strong>tank konteyner \u0131s\u0131tma hizmetleri<\/strong><!-- notionvc: 20c5b66d-5ab1-46d9-94a4-84e3f7c9f861 --><br \/><!-- notionvc: 7cc6bfbc-97d7-42a1-9cb0-50cf0d3f6301 --><\/span><\/h2><\/div>\t\t\t\t<\/div>\n\t\t\t\t<\/div>\n\t\t\t\t\t<\/div>\n\t\t<\/div>\n\t\t\t\t<div class=\"elementor-column elementor-col-50 elementor-inner-column elementor-element elementor-element-5145453\" data-id=\"5145453\" data-element_type=\"column\">\n\t\t\t<div class=\"elementor-widget-wrap elementor-element-populated\">\n\t\t\t\t\t\t<div class=\"elementor-element elementor-element-032b430 elementor-widget elementor-widget-text-editor\" data-id=\"032b430\" data-element_type=\"widget\" data-widget_type=\"text-editor.default\">\n\t\t\t\t<div class=\"elementor-widget-container\">\n\t\t\t\t\t\t\t\t\t<p><span class=\"notion-enable-hover\" data-token-index=\"0\">\u00dcr\u00fcnlerinizin nakliye yolculu\u011fu boyunca kalite ve b\u00fct\u00fcnl\u00fc\u011f\u00fcn\u00fcn korunmas\u0131nda s\u0131cakl\u0131k kontrol\u00fcn\u00fcn oynad\u0131\u011f\u0131 hayati rol\u00fcn fark\u0131nda oldu\u011fumuz i\u00e7in, geli\u015fmi\u015f Gebze terminalimizde son teknoloji tank konteyner \u0131s\u0131tma hizmetleri sunuyoruz.<\/span><!-- notionvc: f8c63a0e-d9f9-43b1-a85e-4e82afb29686 --><br \/><!-- notionvc: 4fb91a29-77b3-45bf-917e-38557c1823da --><\/p>\t\t\t\t\t\t\t\t<\/div>\n\t\t\t\t<\/div>\n\t\t\t\t<div class=\"elementor-element elementor-element-6141658 elementor-widget elementor-widget-text-editor\" data-id=\"6141658\" data-element_type=\"widget\" data-widget_type=\"text-editor.default\">\n\t\t\t\t<div class=\"elementor-widget-container\">\n\t\t\t\t\t\t\t\t\t<p>Tesisimiz, tank konteynerleriniz i\u00e7in hassas s\u0131cakl\u0131k kontrol\u00fc sa\u011flayan <strong>elektrik, buhar ve s\u0131cak su se\u00e7enekleri dahil olmak \u00fczere son teknoloji \u0131s\u0131tma sistemleriyle donat\u0131lm\u0131\u015ft\u0131r<\/strong>. G\u00fcn\u00fcn her saati \u00e7al\u0131\u015fan \u0131s\u0131tma operasyonlar\u0131m\u0131z, \u00f6zel s\u0131cakl\u0131k gereksinimlerinizi kar\u015f\u0131lamaya haz\u0131rd\u0131r ve kesintisiz destek sa\u011flar.<\/p><p>Yedek \u0131s\u0131tma ekipman\u0131m\u0131zla, <strong>\u00fcr\u00fcnlerinizin t\u00fcm nakliye s\u00fcreci boyunca istenen s\u0131cakl\u0131\u011f\u0131 korumas\u0131n\u0131 sa\u011fl\u0131yoruz<\/strong>. Deneyimli ve uzman ekibimiz, \u0131s\u0131tma i\u015flemlerini dikkatle izleyerek en uygun ko\u015fullar\u0131 sa\u011flarken olas\u0131 sapmalara da h\u0131zl\u0131 bir \u015fekilde m\u00fcdahale eder.<\/p><p>Depolama ve nakliye s\u00fcre\u00e7lerimizdeki \u0131s\u0131tma operasyonlar\u0131m\u0131z\u0131n her alan\u0131nda verimlili\u011fe ve g\u00fcvenli\u011fe b\u00fcy\u00fck \u00f6nem veriyoruz. Gerekli e\u011fitimlere sahip <strong>deneyimli teknisyenlerimiz her \u0131s\u0131tma prosed\u00fcr\u00fcn\u00fcn profesyonellik ve hassasiyetle y\u00fcr\u00fct\u00fclmesini sa\u011flamak i\u00e7in daima en iyi end\u00fcstriyel pratikleri uygularlar.<\/strong><\/p><p>Zafer Tank&#8217;ta, <strong>\u00fcr\u00fcnleriniz i\u00e7in en uygun \u0131s\u0131tma se\u00e7ene\u011fini se\u00e7erken size uzmanl\u0131\u011f\u0131yla rehberlik edecek<\/strong> ve profesyonel destek sa\u011flayacak \u00f6zel bir ekibe de sahip olursunuz.<\/p><p><!-- notionvc: 21e2649a-8eb5-4cba-9409-4045959498f3 --><\/p>\t\t\t\t\t\t\t\t<\/div>\n\t\t\t\t<\/div>\n\t\t\t\t\t<\/div>\n\t\t<\/div>\n\t\t\t\t\t<\/div>\n\t\t<\/section>\n\t\t\t\t\t<\/div>\n\t\t<\/div>\n\t\t\t\t\t<\/div>\n\t\t<\/section>\n\t\t\t\t<\/div>","protected":false},"excerpt":{"rendered":"<p>\u00dcr\u00fcnlerinizin nakliye yolculu\u011fu boyunca kalite ve b\u00fct\u00fcnl\u00fc\u011f\u00fcn\u00fcn korunmas\u0131nda s\u0131cakl\u0131k kontrol\u00fcn\u00fcn oynad\u0131\u011f\u0131 hayati rol\u00fcn fark\u0131nda oldu\u011fumuz i\u00e7in, geli\u015fmi\u015f Gebze terminalimizde son teknoloji tank konteyner \u0131s\u0131tma hizmetleri sunuyoruz. Tesisimiz, tank konteynerleriniz i\u00e7in hassas s\u0131cakl\u0131k kontrol\u00fc sa\u011flayan elektrik, buhar ve s\u0131cak su se\u00e7enekleri dahil&#8230;<\/p>","protected":false},"author":1,"featured_media":0,"parent":0,"menu_order":0,"comment_status":"closed","ping_status":"closed","template":"","meta":{"om_disable_all_campaigns":false,"_monsterinsights_skip_tracking":false,"_monsterinsights_sitenote_active":false,"_monsterinsights_sitenote_note":"","_monsterinsights_sitenote_category":0,"_uf_show_specific_survey":0,"_uf_disable_surveys":false,"footnotes":""},"class_list":["post-20101","page","type-page","status-publish","hentry"],"aioseo_notices":[],"_links":{"self":[{"href":"https:\/\/www.zafertanktasima.com\/tr\/wp-json\/wp\/v2\/pages\/20101","targetHints":{"allow":["GET"]}}],"collection":[{"href":"https:\/\/www.zafertanktasima.com\/tr\/wp-json\/wp\/v2\/pages"}],"about":[{"href":"https:\/\/www.zafertanktasima.com\/tr\/wp-json\/wp\/v2\/types\/page"}],"author":[{"embeddable":true,"href":"https:\/\/www.zafertanktasima.com\/tr\/wp-json\/wp\/v2\/users\/1"}],"replies":[{"embeddable":true,"href":"https:\/\/www.zafertanktasima.com\/tr\/wp-json\/wp\/v2\/comments?post=20101"}],"version-history":[{"count":8,"href":"https:\/\/www.zafertanktasima.com\/tr\/wp-json\/wp\/v2\/pages\/20101\/revisions"}],"predecessor-version":[{"id":20532,"href":"https:\/\/www.zafertanktasima.com\/tr\/wp-json\/wp\/v2\/pages\/20101\/revisions\/20532"}],"wp:attachment":[{"href":"https:\/\/www.zafertanktasima.com\/tr\/wp-json\/wp\/v2\/media?parent=20101"}],"curies":[{"name":"wp","href":"https:\/\/api.w.org\/{rel}","templated":true}]}}